{"id":4395,"date":"2024-09-03T22:57:01","date_gmt":"2024-09-03T22:57:01","guid":{"rendered":"https:\/\/unimex.com.mx\/finx\/?page_id=4395"},"modified":"2024-10-03T18:00:31","modified_gmt":"2024-10-03T18:00:31","slug":"une","status":"publish","type":"page","link":"https:\/\/unimex.com.mx\/finx\/une\/","title":{"rendered":"UNE"},"content":{"rendered":"\t\t<div data-elementor-type=\"wp-page\" data-elementor-id=\"4395\" class=\"elementor elementor-4395\" data-elementor-post-type=\"page\">\n\t\t\t\t<div class=\"elementor-element elementor-element-4423838 e-flex e-con-boxed e-con e-parent\" data-id=\"4423838\" data-element_type=\"container\">\n\t\t\t\t\t<div class=\"e-con-inner\">\n\t\t\t\t<div class=\"elementor-element elementor-element-49a8eeb elementor-widget elementor-widget-heading\" data-id=\"49a8eeb\" data-element_type=\"widget\" data-widget_type=\"heading.default\">\n\t\t\t\t<div class=\"elementor-widget-container\">\n\t\t\t\t\t<h2 class=\"elementor-heading-title elementor-size-default\">(Unidad Especialidad de Atenci\u00f3n a usuarios)<\/h2>\t\t\t\t<\/div>\n\t\t\t\t<\/div>\n\t\t\t\t\t<\/div>\n\t\t\t\t<\/div>\n\t\t<div class=\"elementor-element elementor-element-0477ba4 e-flex e-con-boxed e-con e-parent\" data-id=\"0477ba4\" data-element_type=\"container\">\n\t\t\t\t\t<div class=\"e-con-inner\">\n\t\t\t\t<div class=\"elementor-element elementor-element-096fd8c elementor-widget elementor-widget-spacer\" data-id=\"096fd8c\" data-element_type=\"widget\" data-widget_type=\"spacer.default\">\n\t\t\t\t<div class=\"elementor-widget-container\">\n\t\t\t\t\t\t\t<div class=\"elementor-spacer\">\n\t\t\t<div class=\"elementor-spacer-inner\"><\/div>\n\t\t<\/div>\n\t\t\t\t\t\t<\/div>\n\t\t\t\t<\/div>\n\t\t\t\t<div class=\"elementor-element elementor-element-3fd5879 elementor-widget elementor-widget-text-editor\" data-id=\"3fd5879\" data-element_type=\"widget\" data-widget_type=\"text-editor.default\">\n\t\t\t\t<div class=\"elementor-widget-container\">\n\t\t\t\t\t\t\t\t\t<p>Los acreditados contar\u00e1n con un periodo de 90 d\u00edas naturales, contando a partir de la fecha en que tengan conocimiento del acto u omisi\u00f3n que la motive, para formular, por escrito y, a trav\u00e9s del Presidente de la unidad especializada en consultas y reclamaciones:<\/p>\t\t\t\t\t\t\t\t<\/div>\n\t\t\t\t<\/div>\n\t\t\t\t\t<\/div>\n\t\t\t\t<\/div>\n\t\t<div class=\"elementor-element elementor-element-e2a70b8 e-flex e-con-boxed e-con e-parent\" data-id=\"e2a70b8\" data-element_type=\"container\">\n\t\t\t\t\t<div class=\"e-con-inner\">\n\t\t\t\t<div class=\"elementor-element elementor-element-f17ee89 elementor-widget elementor-widget-finlon_icon_box\" data-id=\"f17ee89\" data-element_type=\"widget\" data-widget_type=\"finlon_icon_box.default\">\n\t\t\t\t<div class=\"elementor-widget-container\">\n\t\t\t\t\t\t\t\t\t<div class=\"row row-gutter-y-20\">\r\n\t\t\t\t\t\t<div class=\"col-md-12\">\r\n\t\t\t\t<div class=\"benefit-one__box\">\r\n\t\t\t\t\t<div class=\"benefit-one__box__icon has-background-yes\">\r\n\t\t\t\t\t\t<i class=\"far fa-user\"><\/i>\r\n\t\t\t\t\t<\/div><!-- \/.about-four__box__icon -->\r\n\t\t\t\t\t<div class=\"benefit-one__box__content\">\r\n\t\t\t\t\t\t<h3 class=\"benefit-one__box__title\">Responsable<\/h3><!-- \/.about-four__box__title -->\r\n\t\t\t\t\t\t\t\t\t\t\t\t\t<p class=\"benefit-one__box__text\">Lic. Patricia Mart\u00ednez Campa<\/p>\r\n\t\t\t\t\t\t\t\t\t\t\t<\/div><!-- \/.about-four__box__content -->\r\n\t\t\t\t<\/div>\r\n\t\t\t<\/div><!-- \/.col -->\r\n\t\t\t\t\t<\/div><!-- \/.row -->\r\n\t\t\t\t\t\t<\/div>\n\t\t\t\t<\/div>\n\t\t\t\t\t<\/div>\n\t\t\t\t<\/div>\n\t\t<div class=\"elementor-element elementor-element-8d05757 e-flex e-con-boxed e-con e-parent\" data-id=\"8d05757\" data-element_type=\"container\">\n\t\t\t\t\t<div class=\"e-con-inner\">\n\t\t\t\t<div class=\"elementor-element elementor-element-324927e elementor-widget elementor-widget-finlon_icon_box\" data-id=\"324927e\" data-element_type=\"widget\" data-widget_type=\"finlon_icon_box.default\">\n\t\t\t\t<div class=\"elementor-widget-container\">\n\t\t\t\t\t\t\t\t\t<div class=\"row row-gutter-y-20\">\r\n\t\t\t\t\t\t<div class=\"col-md-12\">\r\n\t\t\t\t<div class=\"benefit-one__box\">\r\n\t\t\t\t\t<div class=\"benefit-one__box__icon has-background-yes\">\r\n\t\t\t\t\t\t<i class=\"fas fa-map-marked-alt\"><\/i>\r\n\t\t\t\t\t<\/div><!-- \/.about-four__box__icon -->\r\n\t\t\t\t\t<div class=\"benefit-one__box__content\">\r\n\t\t\t\t\t\t<h3 class=\"benefit-one__box__title\">Oficina<\/h3><!-- \/.about-four__box__title -->\r\n\t\t\t\t\t\t\t\t\t\t\t\t\t<p class=\"benefit-one__box__text\">Boulevard Independencia Ote. # 1900 Bis, Col. Navarro, Torre\u00f3n Coah. CP 27010<\/p>\r\n\t\t\t\t\t\t\t\t\t\t\t<\/div><!-- \/.about-four__box__content -->\r\n\t\t\t\t<\/div>\r\n\t\t\t<\/div><!-- \/.col -->\r\n\t\t\t\t\t<\/div><!-- \/.row -->\r\n\t\t\t\t\t\t<\/div>\n\t\t\t\t<\/div>\n\t\t\t\t\t<\/div>\n\t\t\t\t<\/div>\n\t\t<div class=\"elementor-element elementor-element-1f7270c e-flex e-con-boxed e-con e-parent\" data-id=\"1f7270c\" data-element_type=\"container\">\n\t\t\t\t\t<div class=\"e-con-inner\">\n\t\t\t\t<div class=\"elementor-element elementor-element-e15e5d3 elementor-widget elementor-widget-finlon_icon_box\" data-id=\"e15e5d3\" data-element_type=\"widget\" data-widget_type=\"finlon_icon_box.default\">\n\t\t\t\t<div class=\"elementor-widget-container\">\n\t\t\t\t\t\t\t\t\t<div class=\"row row-gutter-y-20\">\r\n\t\t\t\t\t\t<div class=\"col-md-12\">\r\n\t\t\t\t<div class=\"benefit-one__box\">\r\n\t\t\t\t\t<div class=\"benefit-one__box__icon has-background-yes\">\r\n\t\t\t\t\t\t<i class=\"icon icon-telephone\"><\/i>\r\n\t\t\t\t\t<\/div><!-- \/.about-four__box__icon -->\r\n\t\t\t\t\t<div class=\"benefit-one__box__content\">\r\n\t\t\t\t\t\t<h3 class=\"benefit-one__box__title\">Tel\u00e9fono<\/h3><!-- \/.about-four__box__title -->\r\n\t\t\t\t\t\t\t\t\t\t\t\t\t<p class=\"benefit-one__box__text\">800 7011111<\/p>\r\n\t\t\t\t\t\t\t\t\t\t\t<\/div><!-- \/.about-four__box__content -->\r\n\t\t\t\t<\/div>\r\n\t\t\t<\/div><!-- \/.col -->\r\n\t\t\t\t\t<\/div><!-- \/.row -->\r\n\t\t\t\t\t\t<\/div>\n\t\t\t\t<\/div>\n\t\t\t\t\t<\/div>\n\t\t\t\t<\/div>\n\t\t<div class=\"elementor-element elementor-element-bc51cf5 e-flex e-con-boxed e-con e-parent\" data-id=\"bc51cf5\" data-element_type=\"container\">\n\t\t\t\t\t<div class=\"e-con-inner\">\n\t\t\t\t<div class=\"elementor-element elementor-element-40c865d elementor-widget elementor-widget-finlon_icon_box\" data-id=\"40c865d\" data-element_type=\"widget\" data-widget_type=\"finlon_icon_box.default\">\n\t\t\t\t<div class=\"elementor-widget-container\">\n\t\t\t\t\t\t\t\t\t<div class=\"row row-gutter-y-20\">\r\n\t\t\t\t\t\t<div class=\"col-md-12\">\r\n\t\t\t\t<div class=\"benefit-one__box\">\r\n\t\t\t\t\t<div class=\"benefit-one__box__icon has-background-yes\">\r\n\t\t\t\t\t\t<i class=\"icon icon-email\"><\/i>\r\n\t\t\t\t\t<\/div><!-- \/.about-four__box__icon -->\r\n\t\t\t\t\t<div class=\"benefit-one__box__content\">\r\n\t\t\t\t\t\t<h3 class=\"benefit-one__box__title\">Correo electr\u00f3nico<\/h3><!-- \/.about-four__box__title -->\r\n\t\t\t\t\t\t\t\t\t\t\t\t\t<p class=\"benefit-one__box__text\">servicioaclientes@unimex.com.mx<\/p>\r\n\t\t\t\t\t\t\t\t\t\t\t<\/div><!-- \/.about-four__box__content -->\r\n\t\t\t\t<\/div>\r\n\t\t\t<\/div><!-- \/.col -->\r\n\t\t\t\t\t<\/div><!-- \/.row -->\r\n\t\t\t\t\t\t<\/div>\n\t\t\t\t<\/div>\n\t\t\t\t<div class=\"elementor-element elementor-element-87b0f55 elementor-widget elementor-widget-spacer\" data-id=\"87b0f55\" data-element_type=\"widget\" data-widget_type=\"spacer.default\">\n\t\t\t\t<div class=\"elementor-widget-container\">\n\t\t\t\t\t\t\t<div class=\"elementor-spacer\">\n\t\t\t<div class=\"elementor-spacer-inner\"><\/div>\n\t\t<\/div>\n\t\t\t\t\t\t<\/div>\n\t\t\t\t<\/div>\n\t\t\t\t\t<\/div>\n\t\t\t\t<\/div>\n\t\t\t\t<\/div>\n\t\t","protected":false},"excerpt":{"rendered":"<p>(Unidad Especialidad de Atenci\u00f3n a usuarios) Los acreditados contar\u00e1n con un periodo de 90 d\u00edas naturales, contando a partir de la fecha en que tengan conocimiento del acto u omisi\u00f3n que la motive, para formular, por escrito y, a trav\u00e9s del Presidente de la unidad especializada en consultas y reclamaciones: Responsable Lic. Patricia Mart\u00ednez Campa [&hellip;]<\/p>\n","protected":false},"author":1,"featured_media":0,"parent":0,"menu_order":0,"comment_status":"closed","ping_status":"closed","template":"","meta":{"footnotes":""},"class_list":["post-4395","page","type-page","status-publish","hentry"],"yoast_head":"<!-- This site is optimized with the Yoast SEO plugin v24.8.1 - https:\/\/yoast.com\/wordpress\/plugins\/seo\/ -->\n<title>UNE - Unimex Digital<\/title>\n<meta name=\"description\" content=\"(Unidad Especialidad de Atenci\u00f3n a usuarios)\" \/>\n<meta name=\"robots\" content=\"index, follow, max-snippet:-1, max-image-preview:large, max-video-preview:-1\" \/>\n<link rel=\"canonical\" href=\"https:\/\/unimex.com.mx\/finx\/une\/\" \/>\n<meta property=\"og:locale\" content=\"es_ES\" \/>\n<meta property=\"og:type\" content=\"article\" \/>\n<meta property=\"og:title\" content=\"UNE - Unimex Digital\" \/>\n<meta property=\"og:description\" content=\"(Unidad Especialidad de Atenci\u00f3n a usuarios)\" \/>\n<meta property=\"og:url\" content=\"https:\/\/unimex.com.mx\/finx\/une\/\" \/>\n<meta property=\"og:site_name\" content=\"Unimex Digital\" \/>\n<meta property=\"article:publisher\" content=\"https:\/\/www.facebook.com\/unimex.financiera.creditos\" \/>\n<meta property=\"article:modified_time\" content=\"2024-10-03T18:00:31+00:00\" \/>\n<meta property=\"og:image\" content=\"https:\/\/unimex.com.mx\/finx\/wp-content\/uploads\/2024\/10\/logo-unimex.png\" \/>\n\t<meta property=\"og:image:width\" content=\"615\" \/>\n\t<meta property=\"og:image:height\" content=\"406\" \/>\n\t<meta property=\"og:image:type\" content=\"image\/png\" \/>\n<meta name=\"twitter:card\" content=\"summary_large_image\" \/>\n<meta name=\"twitter:label1\" content=\"Tiempo de lectura\" \/>\n\t<meta name=\"twitter:data1\" content=\"1 minuto\" \/>\n<script type=\"application\/ld+json\" class=\"yoast-schema-graph\">{\"@context\":\"https:\/\/schema.org\",\"@graph\":[{\"@type\":\"WebPage\",\"@id\":\"https:\/\/unimex.com.mx\/finx\/une\/\",\"url\":\"https:\/\/unimex.com.mx\/finx\/une\/\",\"name\":\"UNE - Unimex Digital\",\"isPartOf\":{\"@id\":\"https:\/\/unimex.com.mx\/finx\/#website\"},\"datePublished\":\"2024-09-03T22:57:01+00:00\",\"dateModified\":\"2024-10-03T18:00:31+00:00\",\"description\":\"(Unidad Especialidad de Atenci\u00f3n a usuarios)\",\"breadcrumb\":{\"@id\":\"https:\/\/unimex.com.mx\/finx\/une\/#breadcrumb\"},\"inLanguage\":\"es\",\"potentialAction\":[{\"@type\":\"ReadAction\",\"target\":[\"https:\/\/unimex.com.mx\/finx\/une\/\"]}]},{\"@type\":\"BreadcrumbList\",\"@id\":\"https:\/\/unimex.com.mx\/finx\/une\/#breadcrumb\",\"itemListElement\":[{\"@type\":\"ListItem\",\"position\":1,\"name\":\"Portada\",\"item\":\"https:\/\/unimex.com.mx\/finx\/\"},{\"@type\":\"ListItem\",\"position\":2,\"name\":\"UNE\"}]},{\"@type\":\"WebSite\",\"@id\":\"https:\/\/unimex.com.mx\/finx\/#website\",\"url\":\"https:\/\/unimex.com.mx\/finx\/\",\"name\":\"Unimex Digital\",\"description\":\"Pr\u00e9stamos Unimex\",\"publisher\":{\"@id\":\"https:\/\/unimex.com.mx\/finx\/#organization\"},\"potentialAction\":[{\"@type\":\"SearchAction\",\"target\":{\"@type\":\"EntryPoint\",\"urlTemplate\":\"https:\/\/unimex.com.mx\/finx\/?s={search_term_string}\"},\"query-input\":{\"@type\":\"PropertyValueSpecification\",\"valueRequired\":true,\"valueName\":\"search_term_string\"}}],\"inLanguage\":\"es\"},{\"@type\":\"Organization\",\"@id\":\"https:\/\/unimex.com.mx\/finx\/#organization\",\"name\":\"Unimex Digital SA de CV\",\"alternateName\":\"Unimex\",\"url\":\"https:\/\/unimex.com.mx\/finx\/\",\"logo\":{\"@type\":\"ImageObject\",\"inLanguage\":\"es\",\"@id\":\"https:\/\/unimex.com.mx\/finx\/#\/schema\/logo\/image\/\",\"url\":\"https:\/\/unimex.com.mx\/finx\/wp-content\/uploads\/2024\/10\/logo-unimex.png\",\"contentUrl\":\"https:\/\/unimex.com.mx\/finx\/wp-content\/uploads\/2024\/10\/logo-unimex.png\",\"width\":615,\"height\":406,\"caption\":\"Unimex Digital SA de CV\"},\"image\":{\"@id\":\"https:\/\/unimex.com.mx\/finx\/#\/schema\/logo\/image\/\"},\"sameAs\":[\"https:\/\/www.facebook.com\/unimex.financiera.creditos\",\"https:\/\/www.instagram.com\/unimex.financiera_oficial\/\"]}]}<\/script>\n<!-- \/ Yoast SEO plugin. -->","yoast_head_json":{"title":"UNE - Unimex Digital","description":"(Unidad Especialidad de Atenci\u00f3n a usuarios)","robots":{"index":"index","follow":"follow","max-snippet":"max-snippet:-1","max-image-preview":"max-image-preview:large","max-video-preview":"max-video-preview:-1"},"canonical":"https:\/\/unimex.com.mx\/finx\/une\/","og_locale":"es_ES","og_type":"article","og_title":"UNE - Unimex Digital","og_description":"(Unidad Especialidad de Atenci\u00f3n a usuarios)","og_url":"https:\/\/unimex.com.mx\/finx\/une\/","og_site_name":"Unimex Digital","article_publisher":"https:\/\/www.facebook.com\/unimex.financiera.creditos","article_modified_time":"2024-10-03T18:00:31+00:00","og_image":[{"width":615,"height":406,"url":"https:\/\/unimex.com.mx\/finx\/wp-content\/uploads\/2024\/10\/logo-unimex.png","type":"image\/png"}],"twitter_card":"summary_large_image","twitter_misc":{"Tiempo de lectura":"1 minuto"},"schema":{"@context":"https:\/\/schema.org","@graph":[{"@type":"WebPage","@id":"https:\/\/unimex.com.mx\/finx\/une\/","url":"https:\/\/unimex.com.mx\/finx\/une\/","name":"UNE - Unimex Digital","isPartOf":{"@id":"https:\/\/unimex.com.mx\/finx\/#website"},"datePublished":"2024-09-03T22:57:01+00:00","dateModified":"2024-10-03T18:00:31+00:00","description":"(Unidad Especialidad de Atenci\u00f3n a usuarios)","breadcrumb":{"@id":"https:\/\/unimex.com.mx\/finx\/une\/#breadcrumb"},"inLanguage":"es","potentialAction":[{"@type":"ReadAction","target":["https:\/\/unimex.com.mx\/finx\/une\/"]}]},{"@type":"BreadcrumbList","@id":"https:\/\/unimex.com.mx\/finx\/une\/#breadcrumb","itemListElement":[{"@type":"ListItem","position":1,"name":"Portada","item":"https:\/\/unimex.com.mx\/finx\/"},{"@type":"ListItem","position":2,"name":"UNE"}]},{"@type":"WebSite","@id":"https:\/\/unimex.com.mx\/finx\/#website","url":"https:\/\/unimex.com.mx\/finx\/","name":"Unimex Digital","description":"Pr\u00e9stamos Unimex","publisher":{"@id":"https:\/\/unimex.com.mx\/finx\/#organization"},"potentialAction":[{"@type":"SearchAction","target":{"@type":"EntryPoint","urlTemplate":"https:\/\/unimex.com.mx\/finx\/?s={search_term_string}"},"query-input":{"@type":"PropertyValueSpecification","valueRequired":true,"valueName":"search_term_string"}}],"inLanguage":"es"},{"@type":"Organization","@id":"https:\/\/unimex.com.mx\/finx\/#organization","name":"Unimex Digital SA de CV","alternateName":"Unimex","url":"https:\/\/unimex.com.mx\/finx\/","logo":{"@type":"ImageObject","inLanguage":"es","@id":"https:\/\/unimex.com.mx\/finx\/#\/schema\/logo\/image\/","url":"https:\/\/unimex.com.mx\/finx\/wp-content\/uploads\/2024\/10\/logo-unimex.png","contentUrl":"https:\/\/unimex.com.mx\/finx\/wp-content\/uploads\/2024\/10\/logo-unimex.png","width":615,"height":406,"caption":"Unimex Digital SA de CV"},"image":{"@id":"https:\/\/unimex.com.mx\/finx\/#\/schema\/logo\/image\/"},"sameAs":["https:\/\/www.facebook.com\/unimex.financiera.creditos","https:\/\/www.instagram.com\/unimex.financiera_oficial\/"]}]}},"_links":{"self":[{"href":"https:\/\/unimex.com.mx\/finx\/wp-json\/wp\/v2\/pages\/4395","targetHints":{"allow":["GET"]}}],"collection":[{"href":"https:\/\/unimex.com.mx\/finx\/wp-json\/wp\/v2\/pages"}],"about":[{"href":"https:\/\/unimex.com.mx\/finx\/wp-json\/wp\/v2\/types\/page"}],"author":[{"embeddable":true,"href":"https:\/\/unimex.com.mx\/finx\/wp-json\/wp\/v2\/users\/1"}],"replies":[{"embeddable":true,"href":"https:\/\/unimex.com.mx\/finx\/wp-json\/wp\/v2\/comments?post=4395"}],"version-history":[{"count":22,"href":"https:\/\/unimex.com.mx\/finx\/wp-json\/wp\/v2\/pages\/4395\/revisions"}],"predecessor-version":[{"id":6200,"href":"https:\/\/unimex.com.mx\/finx\/wp-json\/wp\/v2\/pages\/4395\/revisions\/6200"}],"wp:attachment":[{"href":"https:\/\/unimex.com.mx\/finx\/wp-json\/wp\/v2\/media?parent=4395"}],"curies":[{"name":"wp","href":"https:\/\/api.w.org\/{rel}","templated":true}]}}