{"id":4323,"date":"2024-09-03T21:05:28","date_gmt":"2024-09-03T21:05:28","guid":{"rendered":"https:\/\/unimex.com.mx\/finx\/?page_id=4323"},"modified":"2024-10-03T17:10:51","modified_gmt":"2024-10-03T17:10:51","slug":"cat-costo-anual-total","status":"publish","type":"page","link":"https:\/\/unimex.com.mx\/finx\/cat-costo-anual-total\/","title":{"rendered":"CAT (Costo Anual Total)"},"content":{"rendered":"\t\t<div data-elementor-type=\"wp-page\" data-elementor-id=\"4323\" class=\"elementor elementor-4323\" data-elementor-post-type=\"page\">\n\t\t\t\t<div class=\"elementor-element elementor-element-157cdaa e-flex e-con-boxed e-con e-parent\" data-id=\"157cdaa\" data-element_type=\"container\">\n\t\t\t\t\t<div class=\"e-con-inner\">\n\t\t\t\t<div class=\"elementor-element elementor-element-0fb6607 elementor-widget elementor-widget-heading\" data-id=\"0fb6607\" data-element_type=\"widget\" data-widget_type=\"heading.default\">\n\t\t\t\t<div class=\"elementor-widget-container\">\n\t\t\t\t\t<h2 class=\"elementor-heading-title elementor-size-default\">Cr\u00e9ditos que cambian la vida<\/h2>\t\t\t\t<\/div>\n\t\t\t\t<\/div>\n\t\t\t\t\t<\/div>\n\t\t\t\t<\/div>\n\t\t<div class=\"elementor-element elementor-element-d26e2db e-flex e-con-boxed e-con e-parent\" data-id=\"d26e2db\" data-element_type=\"container\">\n\t\t\t\t\t<div class=\"e-con-inner\">\n\t\t<div class=\"elementor-element elementor-element-da240d4 e-con-full e-flex e-con e-child\" data-id=\"da240d4\" data-element_type=\"container\">\n\t\t\t\t<div class=\"elementor-element elementor-element-f82f419 elementor-nav-menu--dropdown-tablet elementor-nav-menu__text-align-aside elementor-nav-menu--toggle elementor-nav-menu--burger elementor-widget elementor-widget-nav-menu\" data-id=\"f82f419\" data-element_type=\"widget\" data-settings=\"{&quot;layout&quot;:&quot;vertical&quot;,&quot;submenu_icon&quot;:{&quot;value&quot;:&quot;&lt;svg class=\\&quot;e-font-icon-svg e-fas-caret-down\\&quot; viewBox=\\&quot;0 0 320 512\\&quot; xmlns=\\&quot;http:\\\/\\\/www.w3.org\\\/2000\\\/svg\\&quot;&gt;&lt;path d=\\&quot;M31.3 192h257.3c17.8 0 26.7 21.5 14.1 34.1L174.1 354.8c-7.8 7.8-20.5 7.8-28.3 0L17.2 226.1C4.6 213.5 13.5 192 31.3 192z\\&quot;&gt;&lt;\\\/path&gt;&lt;\\\/svg&gt;&quot;,&quot;library&quot;:&quot;fa-solid&quot;},&quot;toggle&quot;:&quot;burger&quot;}\" data-widget_type=\"nav-menu.default\">\n\t\t\t\t<div class=\"elementor-widget-container\">\n\t\t\t\t\t\t\t\t<nav aria-label=\"Men\u00fa\" class=\"elementor-nav-menu--main elementor-nav-menu__container elementor-nav-menu--layout-vertical e--pointer-underline e--animation-fade\">\n\t\t\t\t<ul id=\"menu-1-f82f419\" class=\"elementor-nav-menu sm-vertical\"><li class=\"menu-item menu-item-type-post_type menu-item-object-page menu-item-4322\"><a href=\"https:\/\/unimex.com.mx\/finx\/canales-de-pago\/\" class=\"elementor-item\">Canales de pago<\/a><\/li>\n<li class=\"menu-item menu-item-type-post_type menu-item-object-page menu-item-4339\"><a href=\"https:\/\/unimex.com.mx\/finx\/cat-costo-anual-total\/\" class=\"elementor-item\">CAT (Costo Anual Total)<\/a><\/li>\n<li class=\"menu-item menu-item-type-post_type menu-item-object-page menu-item-4369\"><a href=\"https:\/\/unimex.com.mx\/finx\/costos-y-comisiones\/\" class=\"elementor-item\">Costos y Comisiones<\/a><\/li>\n<li class=\"menu-item menu-item-type-post_type menu-item-object-page menu-item-4376\"><a href=\"https:\/\/unimex.com.mx\/finx\/contrato\/\" class=\"elementor-item\">Contrato<\/a><\/li>\n<\/ul>\t\t\t<\/nav>\n\t\t\t\t\t<div class=\"elementor-menu-toggle\" role=\"button\" tabindex=\"0\" aria-label=\"Alternar men\u00fa\" aria-expanded=\"false\">\n\t\t\t<svg aria-hidden=\"true\" role=\"presentation\" class=\"elementor-menu-toggle__icon--open e-font-icon-svg e-eicon-menu-bar\" viewBox=\"0 0 1000 1000\" xmlns=\"http:\/\/www.w3.org\/2000\/svg\"><path d=\"M104 333H896C929 333 958 304 958 271S929 208 896 208H104C71 208 42 237 42 271S71 333 104 333ZM104 583H896C929 583 958 554 958 521S929 458 896 458H104C71 458 42 487 42 521S71 583 104 583ZM104 833H896C929 833 958 804 958 771S929 708 896 708H104C71 708 42 737 42 771S71 833 104 833Z\"><\/path><\/svg><svg aria-hidden=\"true\" role=\"presentation\" class=\"elementor-menu-toggle__icon--close e-font-icon-svg e-eicon-close\" viewBox=\"0 0 1000 1000\" xmlns=\"http:\/\/www.w3.org\/2000\/svg\"><path d=\"M742 167L500 408 258 167C246 154 233 150 217 150 196 150 179 158 167 167 154 179 150 196 150 212 150 229 154 242 171 254L408 500 167 742C138 771 138 800 167 829 196 858 225 858 254 829L496 587 738 829C750 842 767 846 783 846 800 846 817 842 829 829 842 817 846 804 846 783 846 767 842 750 829 737L588 500 833 258C863 229 863 200 833 171 804 137 775 137 742 167Z\"><\/path><\/svg>\t\t<\/div>\n\t\t\t\t\t<nav class=\"elementor-nav-menu--dropdown elementor-nav-menu__container\" aria-hidden=\"true\">\n\t\t\t\t<ul id=\"menu-2-f82f419\" class=\"elementor-nav-menu sm-vertical\"><li class=\"menu-item menu-item-type-post_type menu-item-object-page menu-item-4322\"><a href=\"https:\/\/unimex.com.mx\/finx\/canales-de-pago\/\" class=\"elementor-item\" tabindex=\"-1\">Canales de pago<\/a><\/li>\n<li class=\"menu-item menu-item-type-post_type menu-item-object-page menu-item-4339\"><a href=\"https:\/\/unimex.com.mx\/finx\/cat-costo-anual-total\/\" class=\"elementor-item\" tabindex=\"-1\">CAT (Costo Anual Total)<\/a><\/li>\n<li class=\"menu-item menu-item-type-post_type menu-item-object-page menu-item-4369\"><a href=\"https:\/\/unimex.com.mx\/finx\/costos-y-comisiones\/\" class=\"elementor-item\" tabindex=\"-1\">Costos y Comisiones<\/a><\/li>\n<li class=\"menu-item menu-item-type-post_type menu-item-object-page menu-item-4376\"><a href=\"https:\/\/unimex.com.mx\/finx\/contrato\/\" class=\"elementor-item\" tabindex=\"-1\">Contrato<\/a><\/li>\n<\/ul>\t\t\t<\/nav>\n\t\t\t\t\t\t<\/div>\n\t\t\t\t<\/div>\n\t\t\t\t<\/div>\n\t\t<div class=\"elementor-element elementor-element-2a48b24 e-con-full e-flex e-con e-child\" data-id=\"2a48b24\" data-element_type=\"container\">\n\t\t\t\t<div class=\"elementor-element elementor-element-7048f71 elementor-tabs-view-horizontal elementor-widget elementor-widget-tabs\" data-id=\"7048f71\" data-element_type=\"widget\" data-widget_type=\"tabs.default\">\n\t\t\t\t<div class=\"elementor-widget-container\">\n\t\t\t\t\t\t\t<div class=\"elementor-tabs\">\n\t\t\t<div class=\"elementor-tabs-wrapper\" role=\"tablist\" >\n\t\t\t\t\t\t\t\t\t<div id=\"elementor-tab-title-1171\" class=\"elementor-tab-title elementor-tab-desktop-title\" aria-selected=\"true\" data-tab=\"1\" role=\"tab\" tabindex=\"0\" aria-controls=\"elementor-tab-content-1171\" aria-expanded=\"false\">UNil@Personal<\/div>\n\t\t\t\t\t\t\t\t\t<div id=\"elementor-tab-title-1172\" class=\"elementor-tab-title elementor-tab-desktop-title\" aria-selected=\"false\" data-tab=\"2\" role=\"tab\" tabindex=\"-1\" aria-controls=\"elementor-tab-content-1172\" aria-expanded=\"false\">UNil@GNI<\/div>\n\t\t\t\t\t\t\t\t\t<div id=\"elementor-tab-title-1173\" class=\"elementor-tab-title elementor-tab-desktop-title\" aria-selected=\"false\" data-tab=\"3\" role=\"tab\" tabindex=\"-1\" aria-controls=\"elementor-tab-content-1173\" aria-expanded=\"false\">Solidario<\/div>\n\t\t\t\t\t\t\t\t\t<div id=\"elementor-tab-title-1174\" class=\"elementor-tab-title elementor-tab-desktop-title\" aria-selected=\"false\" data-tab=\"4\" role=\"tab\" tabindex=\"-1\" aria-controls=\"elementor-tab-content-1174\" aria-expanded=\"false\">Integradora<\/div>\n\t\t\t\t\t\t\t\t\t<div id=\"elementor-tab-title-1175\" class=\"elementor-tab-title elementor-tab-desktop-title\" aria-selected=\"false\" data-tab=\"5\" role=\"tab\" tabindex=\"-1\" aria-controls=\"elementor-tab-content-1175\" aria-expanded=\"false\">CEP<\/div>\n\t\t\t\t\t\t\t<\/div>\n\t\t\t<div class=\"elementor-tabs-content-wrapper\" role=\"tablist\" aria-orientation=\"vertical\">\n\t\t\t\t\t\t\t\t\t<div class=\"elementor-tab-title elementor-tab-mobile-title\" aria-selected=\"true\" data-tab=\"1\" role=\"tab\" tabindex=\"0\" aria-controls=\"elementor-tab-content-1171\" aria-expanded=\"false\">UNil@Personal<\/div>\n\t\t\t\t\t<div id=\"elementor-tab-content-1171\" class=\"elementor-tab-content elementor-clearfix\" data-tab=\"1\" role=\"tabpanel\" aria-labelledby=\"elementor-tab-title-1171\" tabindex=\"0\" hidden=\"false\"><blockquote><p>Costo Anual Total (CAT) Promedio 67.98% sin IVA.<br \/>Para fines informativos y de comparaci\u00f3n exclusivamente.<br \/>Fecha de c\u00e1lculo al 1 de julio del 2020, vigente al 31 de Diciembre del 2020 con una tasa de inter\u00e9s del 32.10% (Sin IVA).<br \/>Tasa Fija Anual Simple, con monto promedio de los cr\u00e9ditos de $10,000 a 24 meses.<\/p><\/blockquote><\/div>\n\t\t\t\t\t\t\t\t\t<div class=\"elementor-tab-title elementor-tab-mobile-title\" aria-selected=\"false\" data-tab=\"2\" role=\"tab\" tabindex=\"-1\" aria-controls=\"elementor-tab-content-1172\" aria-expanded=\"false\">UNil@GNI<\/div>\n\t\t\t\t\t<div id=\"elementor-tab-content-1172\" class=\"elementor-tab-content elementor-clearfix\" data-tab=\"2\" role=\"tabpanel\" aria-labelledby=\"elementor-tab-title-1172\" tabindex=\"0\" hidden=\"hidden\"><blockquote><p>Costo Anual Total (CAT) Promedio 67.98% sin IVA.<br \/>Para fines informativos y de comparaci\u00f3n exclusivamente.<br \/>Fecha de c\u00e1lculo al 1 de julio del 2020, vigente al 31 de Diciembre del 2020 con una tasa de inter\u00e9s del 32.10% (Sin IVA).<br \/>Tasa Fija Anual Simple, con monto promedio de los cr\u00e9ditos de $10,000 a 24 meses.<\/p><\/blockquote><\/div>\n\t\t\t\t\t\t\t\t\t<div class=\"elementor-tab-title elementor-tab-mobile-title\" aria-selected=\"false\" data-tab=\"3\" role=\"tab\" tabindex=\"-1\" aria-controls=\"elementor-tab-content-1173\" aria-expanded=\"false\">Solidario<\/div>\n\t\t\t\t\t<div id=\"elementor-tab-content-1173\" class=\"elementor-tab-content elementor-clearfix\" data-tab=\"3\" role=\"tabpanel\" aria-labelledby=\"elementor-tab-title-1173\" tabindex=\"0\" hidden=\"hidden\"><blockquote><p>Costo Anual Total (CAT) Promedio 164.30% sin IVA.<br \/>Para fines informativos y de comparaci\u00f3n exclusivamente.<br \/>Fecha de c\u00e1lculo al 1 de Septiembre del 2020 , vigente al 28 de Febrero de 2021 con una tasa de inter\u00e9s del 3.49% (Sin IVA).<br \/>Monto promedio de los cr\u00e9ditos de $4,500 MXN a 16 Semanas.<\/p><\/blockquote><\/div>\n\t\t\t\t\t\t\t\t\t<div class=\"elementor-tab-title elementor-tab-mobile-title\" aria-selected=\"false\" data-tab=\"4\" role=\"tab\" tabindex=\"-1\" aria-controls=\"elementor-tab-content-1174\" aria-expanded=\"false\">Integradora<\/div>\n\t\t\t\t\t<div id=\"elementor-tab-content-1174\" class=\"elementor-tab-content elementor-clearfix\" data-tab=\"4\" role=\"tabpanel\" aria-labelledby=\"elementor-tab-title-1174\" tabindex=\"0\" hidden=\"hidden\"><blockquote><p>Costo Anual Total (CAT) Promedio 164.30% sin IVA.<br \/>Para fines informativos y de comparaci\u00f3n exclusivamente.<br \/>Fecha de c\u00e1lculo al 1 de Septiembre del 2020 , vigente al 28 de Febrero de 2021 con una tasa de inter\u00e9s del 3.49% (Sin IVA).<br \/>Monto promedio de los cr\u00e9ditos de $4,500 MXN a 16 Semanas.<\/p><\/blockquote><\/div>\n\t\t\t\t\t\t\t\t\t<div class=\"elementor-tab-title elementor-tab-mobile-title\" aria-selected=\"false\" data-tab=\"5\" role=\"tab\" tabindex=\"-1\" aria-controls=\"elementor-tab-content-1175\" aria-expanded=\"false\">CEP<\/div>\n\t\t\t\t\t<div id=\"elementor-tab-content-1175\" class=\"elementor-tab-content elementor-clearfix\" data-tab=\"5\" role=\"tabpanel\" aria-labelledby=\"elementor-tab-title-1175\" tabindex=\"0\" hidden=\"hidden\"><p>Costo Anual Total (CAT) Promedio 134.20% sin IVA.<br \/>Para fines informativos y de comparaci\u00f3n exclusivamente.<br \/>Fecha de c\u00e1lculo al 1 de Septiembre del 2020.<br \/>Vigente al 28 de Febrero de 2021 con una tasa fija anual simple del 3.88% (Sin IVA).<br \/>Monto promedio de los cr\u00e9ditos de $10,000 MXN a 10 catorcenas.\u00a0promedio de los cr\u00e9ditos de $4,500 MXN a 16 Semanas.<\/p><\/div>\n\t\t\t\t\t\t\t<\/div>\n\t\t<\/div>\n\t\t\t\t\t\t<\/div>\n\t\t\t\t<\/div>\n\t\t\t\t<\/div>\n\t\t\t\t\t<\/div>\n\t\t\t\t<\/div>\n\t\t\t\t<\/div>\n\t\t","protected":false},"excerpt":{"rendered":"<p>Cr\u00e9ditos que cambian la vida UNil@Personal UNil@GNI Solidario Integradora CEP UNil@Personal Costo Anual Total (CAT) Promedio 67.98% sin IVA.Para fines informativos y de comparaci\u00f3n exclusivamente.Fecha de c\u00e1lculo al 1 de julio del 2020, vigente al 31 de Diciembre del 2020 con una tasa de inter\u00e9s del 32.10% (Sin IVA).Tasa Fija Anual Simple, con monto promedio [&hellip;]<\/p>\n","protected":false},"author":1,"featured_media":0,"parent":0,"menu_order":0,"comment_status":"closed","ping_status":"closed","template":"","meta":{"footnotes":""},"class_list":["post-4323","page","type-page","status-publish","hentry"],"yoast_head":"<!-- This site is optimized with the Yoast SEO plugin v24.8.1 - https:\/\/yoast.com\/wordpress\/plugins\/seo\/ -->\n<title>CAT (Costo Anual Total) - Unimex Digital<\/title>\n<meta name=\"description\" content=\"Cr\u00e9ditos que cambian la vida. Costo Anual Total (CAT) Promedio 67.98% sin IVA.Para fines informativos y de comparaci\u00f3n exclusivamente.\" \/>\n<meta name=\"robots\" content=\"index, follow, max-snippet:-1, max-image-preview:large, max-video-preview:-1\" \/>\n<link rel=\"canonical\" href=\"https:\/\/unimex.com.mx\/finx\/cat-costo-anual-total\/\" \/>\n<meta property=\"og:locale\" content=\"es_ES\" \/>\n<meta property=\"og:type\" content=\"article\" \/>\n<meta property=\"og:title\" content=\"CAT (Costo Anual Total) - Unimex Digital\" \/>\n<meta property=\"og:description\" content=\"Cr\u00e9ditos que cambian la vida. Costo Anual Total (CAT) Promedio 67.98% sin IVA.Para fines informativos y de comparaci\u00f3n exclusivamente.\" \/>\n<meta property=\"og:url\" content=\"https:\/\/unimex.com.mx\/finx\/cat-costo-anual-total\/\" \/>\n<meta property=\"og:site_name\" content=\"Unimex Digital\" \/>\n<meta property=\"article:publisher\" content=\"https:\/\/www.facebook.com\/unimex.financiera.creditos\" \/>\n<meta property=\"article:modified_time\" content=\"2024-10-03T17:10:51+00:00\" \/>\n<meta property=\"og:image\" content=\"https:\/\/unimex.com.mx\/finx\/wp-content\/uploads\/2024\/10\/logo-unimex.png\" \/>\n\t<meta property=\"og:image:width\" content=\"615\" \/>\n\t<meta property=\"og:image:height\" content=\"406\" \/>\n\t<meta property=\"og:image:type\" content=\"image\/png\" \/>\n<meta name=\"twitter:card\" content=\"summary_large_image\" \/>\n<meta name=\"twitter:label1\" content=\"Tiempo de lectura\" \/>\n\t<meta name=\"twitter:data1\" content=\"1 minuto\" \/>\n<script type=\"application\/ld+json\" class=\"yoast-schema-graph\">{\"@context\":\"https:\/\/schema.org\",\"@graph\":[{\"@type\":\"WebPage\",\"@id\":\"https:\/\/unimex.com.mx\/finx\/cat-costo-anual-total\/\",\"url\":\"https:\/\/unimex.com.mx\/finx\/cat-costo-anual-total\/\",\"name\":\"CAT (Costo Anual Total) - Unimex Digital\",\"isPartOf\":{\"@id\":\"https:\/\/unimex.com.mx\/finx\/#website\"},\"datePublished\":\"2024-09-03T21:05:28+00:00\",\"dateModified\":\"2024-10-03T17:10:51+00:00\",\"description\":\"Cr\u00e9ditos que cambian la vida. Costo Anual Total (CAT) Promedio 67.98% sin IVA.Para fines informativos y de comparaci\u00f3n exclusivamente.\",\"breadcrumb\":{\"@id\":\"https:\/\/unimex.com.mx\/finx\/cat-costo-anual-total\/#breadcrumb\"},\"inLanguage\":\"es\",\"potentialAction\":[{\"@type\":\"ReadAction\",\"target\":[\"https:\/\/unimex.com.mx\/finx\/cat-costo-anual-total\/\"]}]},{\"@type\":\"BreadcrumbList\",\"@id\":\"https:\/\/unimex.com.mx\/finx\/cat-costo-anual-total\/#breadcrumb\",\"itemListElement\":[{\"@type\":\"ListItem\",\"position\":1,\"name\":\"Portada\",\"item\":\"https:\/\/unimex.com.mx\/finx\/\"},{\"@type\":\"ListItem\",\"position\":2,\"name\":\"CAT (Costo Anual Total)\"}]},{\"@type\":\"WebSite\",\"@id\":\"https:\/\/unimex.com.mx\/finx\/#website\",\"url\":\"https:\/\/unimex.com.mx\/finx\/\",\"name\":\"Unimex Digital\",\"description\":\"Pr\u00e9stamos Unimex\",\"publisher\":{\"@id\":\"https:\/\/unimex.com.mx\/finx\/#organization\"},\"potentialAction\":[{\"@type\":\"SearchAction\",\"target\":{\"@type\":\"EntryPoint\",\"urlTemplate\":\"https:\/\/unimex.com.mx\/finx\/?s={search_term_string}\"},\"query-input\":{\"@type\":\"PropertyValueSpecification\",\"valueRequired\":true,\"valueName\":\"search_term_string\"}}],\"inLanguage\":\"es\"},{\"@type\":\"Organization\",\"@id\":\"https:\/\/unimex.com.mx\/finx\/#organization\",\"name\":\"Unimex Digital SA de CV\",\"alternateName\":\"Unimex\",\"url\":\"https:\/\/unimex.com.mx\/finx\/\",\"logo\":{\"@type\":\"ImageObject\",\"inLanguage\":\"es\",\"@id\":\"https:\/\/unimex.com.mx\/finx\/#\/schema\/logo\/image\/\",\"url\":\"https:\/\/unimex.com.mx\/finx\/wp-content\/uploads\/2024\/10\/logo-unimex.png\",\"contentUrl\":\"https:\/\/unimex.com.mx\/finx\/wp-content\/uploads\/2024\/10\/logo-unimex.png\",\"width\":615,\"height\":406,\"caption\":\"Unimex Digital SA de CV\"},\"image\":{\"@id\":\"https:\/\/unimex.com.mx\/finx\/#\/schema\/logo\/image\/\"},\"sameAs\":[\"https:\/\/www.facebook.com\/unimex.financiera.creditos\",\"https:\/\/www.instagram.com\/unimex.financiera_oficial\/\"]}]}<\/script>\n<!-- \/ Yoast SEO plugin. -->","yoast_head_json":{"title":"CAT (Costo Anual Total) - Unimex Digital","description":"Cr\u00e9ditos que cambian la vida. Costo Anual Total (CAT) Promedio 67.98% sin IVA.Para fines informativos y de comparaci\u00f3n exclusivamente.","robots":{"index":"index","follow":"follow","max-snippet":"max-snippet:-1","max-image-preview":"max-image-preview:large","max-video-preview":"max-video-preview:-1"},"canonical":"https:\/\/unimex.com.mx\/finx\/cat-costo-anual-total\/","og_locale":"es_ES","og_type":"article","og_title":"CAT (Costo Anual Total) - Unimex Digital","og_description":"Cr\u00e9ditos que cambian la vida. Costo Anual Total (CAT) Promedio 67.98% sin IVA.Para fines informativos y de comparaci\u00f3n exclusivamente.","og_url":"https:\/\/unimex.com.mx\/finx\/cat-costo-anual-total\/","og_site_name":"Unimex Digital","article_publisher":"https:\/\/www.facebook.com\/unimex.financiera.creditos","article_modified_time":"2024-10-03T17:10:51+00:00","og_image":[{"width":615,"height":406,"url":"https:\/\/unimex.com.mx\/finx\/wp-content\/uploads\/2024\/10\/logo-unimex.png","type":"image\/png"}],"twitter_card":"summary_large_image","twitter_misc":{"Tiempo de lectura":"1 minuto"},"schema":{"@context":"https:\/\/schema.org","@graph":[{"@type":"WebPage","@id":"https:\/\/unimex.com.mx\/finx\/cat-costo-anual-total\/","url":"https:\/\/unimex.com.mx\/finx\/cat-costo-anual-total\/","name":"CAT (Costo Anual Total) - Unimex Digital","isPartOf":{"@id":"https:\/\/unimex.com.mx\/finx\/#website"},"datePublished":"2024-09-03T21:05:28+00:00","dateModified":"2024-10-03T17:10:51+00:00","description":"Cr\u00e9ditos que cambian la vida. Costo Anual Total (CAT) Promedio 67.98% sin IVA.Para fines informativos y de comparaci\u00f3n exclusivamente.","breadcrumb":{"@id":"https:\/\/unimex.com.mx\/finx\/cat-costo-anual-total\/#breadcrumb"},"inLanguage":"es","potentialAction":[{"@type":"ReadAction","target":["https:\/\/unimex.com.mx\/finx\/cat-costo-anual-total\/"]}]},{"@type":"BreadcrumbList","@id":"https:\/\/unimex.com.mx\/finx\/cat-costo-anual-total\/#breadcrumb","itemListElement":[{"@type":"ListItem","position":1,"name":"Portada","item":"https:\/\/unimex.com.mx\/finx\/"},{"@type":"ListItem","position":2,"name":"CAT (Costo Anual Total)"}]},{"@type":"WebSite","@id":"https:\/\/unimex.com.mx\/finx\/#website","url":"https:\/\/unimex.com.mx\/finx\/","name":"Unimex Digital","description":"Pr\u00e9stamos Unimex","publisher":{"@id":"https:\/\/unimex.com.mx\/finx\/#organization"},"potentialAction":[{"@type":"SearchAction","target":{"@type":"EntryPoint","urlTemplate":"https:\/\/unimex.com.mx\/finx\/?s={search_term_string}"},"query-input":{"@type":"PropertyValueSpecification","valueRequired":true,"valueName":"search_term_string"}}],"inLanguage":"es"},{"@type":"Organization","@id":"https:\/\/unimex.com.mx\/finx\/#organization","name":"Unimex Digital SA de CV","alternateName":"Unimex","url":"https:\/\/unimex.com.mx\/finx\/","logo":{"@type":"ImageObject","inLanguage":"es","@id":"https:\/\/unimex.com.mx\/finx\/#\/schema\/logo\/image\/","url":"https:\/\/unimex.com.mx\/finx\/wp-content\/uploads\/2024\/10\/logo-unimex.png","contentUrl":"https:\/\/unimex.com.mx\/finx\/wp-content\/uploads\/2024\/10\/logo-unimex.png","width":615,"height":406,"caption":"Unimex Digital SA de CV"},"image":{"@id":"https:\/\/unimex.com.mx\/finx\/#\/schema\/logo\/image\/"},"sameAs":["https:\/\/www.facebook.com\/unimex.financiera.creditos","https:\/\/www.instagram.com\/unimex.financiera_oficial\/"]}]}},"_links":{"self":[{"href":"https:\/\/unimex.com.mx\/finx\/wp-json\/wp\/v2\/pages\/4323","targetHints":{"allow":["GET"]}}],"collection":[{"href":"https:\/\/unimex.com.mx\/finx\/wp-json\/wp\/v2\/pages"}],"about":[{"href":"https:\/\/unimex.com.mx\/finx\/wp-json\/wp\/v2\/types\/page"}],"author":[{"embeddable":true,"href":"https:\/\/unimex.com.mx\/finx\/wp-json\/wp\/v2\/users\/1"}],"replies":[{"embeddable":true,"href":"https:\/\/unimex.com.mx\/finx\/wp-json\/wp\/v2\/comments?post=4323"}],"version-history":[{"count":21,"href":"https:\/\/unimex.com.mx\/finx\/wp-json\/wp\/v2\/pages\/4323\/revisions"}],"predecessor-version":[{"id":6019,"href":"https:\/\/unimex.com.mx\/finx\/wp-json\/wp\/v2\/pages\/4323\/revisions\/6019"}],"wp:attachment":[{"href":"https:\/\/unimex.com.mx\/finx\/wp-json\/wp\/v2\/media?parent=4323"}],"curies":[{"name":"wp","href":"https:\/\/api.w.org\/{rel}","templated":true}]}}