{"id":4026,"date":"2024-08-30T22:46:20","date_gmt":"2024-08-30T22:46:20","guid":{"rendered":"https:\/\/unimex.com.mx\/financiera\/?page_id=4026"},"modified":"2024-10-03T18:02:30","modified_gmt":"2024-10-03T18:02:30","slug":"unimex-es-confiable","status":"publish","type":"page","link":"https:\/\/unimex.com.mx\/finx\/unimex-es-confiable\/","title":{"rendered":"Unimex es confiable"},"content":{"rendered":"\t\t<div data-elementor-type=\"wp-page\" data-elementor-id=\"4026\" class=\"elementor elementor-4026\" data-elementor-post-type=\"page\">\n\t\t\t\t<div class=\"elementor-element elementor-element-357cd80 e-flex e-con-boxed e-con e-parent\" data-id=\"357cd80\" data-element_type=\"container\">\n\t\t\t\t\t<div class=\"e-con-inner\">\n\t\t\t\t<div class=\"elementor-element elementor-element-25f0db6 elementor-widget elementor-widget-heading\" data-id=\"25f0db6\" data-element_type=\"widget\" data-widget_type=\"heading.default\">\n\t\t\t\t<div class=\"elementor-widget-container\">\n\t\t\t\t\t<h2 class=\"elementor-heading-title elementor-size-default\">1. Verifica a la empresa con instituciones reguladoras.<\/h2>\t\t\t\t<\/div>\n\t\t\t\t<\/div>\n\t\t\t\t\t<\/div>\n\t\t\t\t<\/div>\n\t\t<div class=\"elementor-element elementor-element-9fd1d03 e-flex e-con-boxed e-con e-parent\" data-id=\"9fd1d03\" data-element_type=\"container\">\n\t\t\t\t\t<div class=\"e-con-inner\">\n\t\t\t\t<div class=\"elementor-element elementor-element-09e2a6e elementor-widget elementor-widget-text-editor\" data-id=\"09e2a6e\" data-element_type=\"widget\" data-widget_type=\"text-editor.default\">\n\t\t\t\t<div class=\"elementor-widget-container\">\n\t\t\t\t\t\t\t\t\t<p>El Gobierno Federal, a trav\u00e9s de la\u00a0<strong><a href=\"https:\/\/www.condusef.gob.mx\/\">CONDUSEF<\/a><\/strong>, cuenta con el Sistema de Registro de Prestadores de Servicios Financieros (<strong><a href=\"https:\/\/webapps.condusef.gob.mx\/SIPRES\/jsp\/pub\/index.jsp\">SIPRES<\/a><\/strong>). Este sistema es de acceso p\u00fablico y expone la informaci\u00f3n de las instituciones que est\u00e1n reguladas por la instituci\u00f3n<\/p>\t\t\t\t\t\t\t\t<\/div>\n\t\t\t\t<\/div>\n\t\t\t\t\t<\/div>\n\t\t\t\t<\/div>\n\t\t<div class=\"elementor-element elementor-element-e3f82a1 e-flex e-con-boxed e-con e-parent\" data-id=\"e3f82a1\" data-element_type=\"container\">\n\t\t\t\t\t<div class=\"e-con-inner\">\n\t\t\t\t<div class=\"elementor-element elementor-element-5d15645 elementor-widget elementor-widget-heading\" data-id=\"5d15645\" data-element_type=\"widget\" data-widget_type=\"heading.default\">\n\t\t\t\t<div class=\"elementor-widget-container\">\n\t\t\t\t\t<h2 class=\"elementor-heading-title elementor-size-default\">2. Investiga los puntos de contacto con la empresa.<\/h2>\t\t\t\t<\/div>\n\t\t\t\t<\/div>\n\t\t\t\t\t<\/div>\n\t\t\t\t<\/div>\n\t\t<div class=\"elementor-element elementor-element-b735c8f e-flex e-con-boxed e-con e-parent\" data-id=\"b735c8f\" data-element_type=\"container\">\n\t\t\t\t\t<div class=\"e-con-inner\">\n\t\t\t\t<div class=\"elementor-element elementor-element-c54d011 elementor-widget elementor-widget-text-editor\" data-id=\"c54d011\" data-element_type=\"widget\" data-widget_type=\"text-editor.default\">\n\t\t\t\t<div class=\"elementor-widget-container\">\n\t\t\t\t\t\t\t\t\t<p>La misma SIPRES publica datos relacionados con la instituci\u00f3n. Los que puedes verificar son el domicilio fiscal (donde seguramente estar\u00e1n las oficinas corporativas), el sitio web principal as\u00ed como correos electr\u00f3nicos, tel\u00e9fonos y nombres de personas que podr\u00e1s contactar.<\/p><p>En el caso de Unimex Financiera, puedes consultar esos datos\u00a0<strong><a href=\"https:\/\/webapps.condusef.gob.mx\/SIPRES\/jsp\/home_publico.jsp?idins=2271\">AQU\u00cd<\/a><\/strong>.<\/p>\t\t\t\t\t\t\t\t<\/div>\n\t\t\t\t<\/div>\n\t\t\t\t\t<\/div>\n\t\t\t\t<\/div>\n\t\t<div class=\"elementor-element elementor-element-436730f e-flex e-con-boxed e-con e-parent\" data-id=\"436730f\" data-element_type=\"container\">\n\t\t\t\t\t<div class=\"e-con-inner\">\n\t\t\t\t<div class=\"elementor-element elementor-element-743cc9f elementor-widget elementor-widget-heading\" data-id=\"743cc9f\" data-element_type=\"widget\" data-widget_type=\"heading.default\">\n\t\t\t\t<div class=\"elementor-widget-container\">\n\t\t\t\t\t<h2 class=\"elementor-heading-title elementor-size-default\">3. Desconfia de acciones sospechosas<\/h2>\t\t\t\t<\/div>\n\t\t\t\t<\/div>\n\t\t\t\t\t<\/div>\n\t\t\t\t<\/div>\n\t\t<div class=\"elementor-element elementor-element-fb6dca8 e-flex e-con-boxed e-con e-parent\" data-id=\"fb6dca8\" data-element_type=\"container\">\n\t\t\t\t\t<div class=\"e-con-inner\">\n\t\t\t\t<div class=\"elementor-element elementor-element-b65a5e2 elementor-widget elementor-widget-text-editor\" data-id=\"b65a5e2\" data-element_type=\"widget\" data-widget_type=\"text-editor.default\">\n\t\t\t\t<div class=\"elementor-widget-container\">\n\t\t\t\t\t\t\t\t\t<p>Debido a que las instituciones reguladas est\u00e1n obligadas por ley a ser transparentes, est\u00e1n expuestas a suplantaciones de identidad. Por tanto, es importante estar alerta y tomar precauciones sin importar si est\u00e1s contactando a la empresa real. Algunas de las recomendaciones son:<\/p>\t\t\t\t\t\t\t\t<\/div>\n\t\t\t\t<\/div>\n\t\t\t\t\t<\/div>\n\t\t\t\t<\/div>\n\t\t<div class=\"elementor-element elementor-element-19fa7ad e-flex e-con-boxed e-con e-parent\" data-id=\"19fa7ad\" data-element_type=\"container\">\n\t\t\t\t\t<div class=\"e-con-inner\">\n\t\t\t\t<div class=\"elementor-element elementor-element-a83b414 elementor-widget elementor-widget-text-editor\" data-id=\"a83b414\" data-element_type=\"widget\" data-widget_type=\"text-editor.default\">\n\t\t\t\t<div class=\"elementor-widget-container\">\n\t\t\t\t\t\t\t\t\t<ul><li>Te piden dinero para agilizar el tr\u00e1mite o como parte de un servicio previo a la entrega del cr\u00e9dito.<\/li><li>Su sitio web o n\u00fameros de contacto no coinciden con los publicados en fuentes oficiales.\u00a0<\/li><li>Los asesores son extramedamente insistentes o amenazantes para que termines el tr\u00e1mite.<\/li><\/ul>\t\t\t\t\t\t\t\t<\/div>\n\t\t\t\t<\/div>\n\t\t\t\t\t<\/div>\n\t\t\t\t<\/div>\n\t\t\t\t<\/div>\n\t\t","protected":false},"excerpt":{"rendered":"<p>1. Verifica a la empresa con instituciones reguladoras. El Gobierno Federal, a trav\u00e9s de la\u00a0CONDUSEF, cuenta con el Sistema de Registro de Prestadores de Servicios Financieros (SIPRES). Este sistema es de acceso p\u00fablico y expone la informaci\u00f3n de las instituciones que est\u00e1n reguladas por la instituci\u00f3n 2. Investiga los puntos de contacto con la empresa. [&hellip;]<\/p>\n","protected":false},"author":1,"featured_media":0,"parent":0,"menu_order":0,"comment_status":"closed","ping_status":"closed","template":"","meta":{"footnotes":""},"class_list":["post-4026","page","type-page","status-publish","hentry"],"yoast_head":"<!-- This site is optimized with the Yoast SEO plugin v24.8.1 - https:\/\/yoast.com\/wordpress\/plugins\/seo\/ -->\n<title>Unimex es confiable - Unimex Digital<\/title>\n<meta name=\"robots\" content=\"index, follow, max-snippet:-1, max-image-preview:large, max-video-preview:-1\" \/>\n<link rel=\"canonical\" href=\"https:\/\/unimex.com.mx\/finx\/unimex-es-confiable\/\" \/>\n<meta property=\"og:locale\" content=\"es_ES\" \/>\n<meta property=\"og:type\" content=\"article\" \/>\n<meta property=\"og:title\" content=\"Unimex es confiable - Unimex Digital\" \/>\n<meta property=\"og:description\" content=\"1. Verifica a la empresa con instituciones reguladoras. El Gobierno Federal, a trav\u00e9s de la\u00a0CONDUSEF, cuenta con el Sistema de Registro de Prestadores de Servicios Financieros (SIPRES). Este sistema es de acceso p\u00fablico y expone la informaci\u00f3n de las instituciones que est\u00e1n reguladas por la instituci\u00f3n 2. Investiga los puntos de contacto con la empresa. [&hellip;]\" \/>\n<meta property=\"og:url\" content=\"https:\/\/unimex.com.mx\/finx\/unimex-es-confiable\/\" \/>\n<meta property=\"og:site_name\" content=\"Unimex Digital\" \/>\n<meta property=\"article:publisher\" content=\"https:\/\/www.facebook.com\/unimex.financiera.creditos\" \/>\n<meta property=\"article:modified_time\" content=\"2024-10-03T18:02:30+00:00\" \/>\n<meta property=\"og:image\" content=\"https:\/\/unimex.com.mx\/finx\/wp-content\/uploads\/2024\/10\/logo-unimex.png\" \/>\n\t<meta property=\"og:image:width\" content=\"615\" \/>\n\t<meta property=\"og:image:height\" content=\"406\" \/>\n\t<meta property=\"og:image:type\" content=\"image\/png\" \/>\n<meta name=\"twitter:card\" content=\"summary_large_image\" \/>\n<meta name=\"twitter:label1\" content=\"Tiempo de lectura\" \/>\n\t<meta name=\"twitter:data1\" content=\"1 minuto\" \/>\n<script type=\"application\/ld+json\" class=\"yoast-schema-graph\">{\"@context\":\"https:\/\/schema.org\",\"@graph\":[{\"@type\":\"WebPage\",\"@id\":\"https:\/\/unimex.com.mx\/finx\/unimex-es-confiable\/\",\"url\":\"https:\/\/unimex.com.mx\/finx\/unimex-es-confiable\/\",\"name\":\"Unimex es confiable - Unimex Digital\",\"isPartOf\":{\"@id\":\"https:\/\/unimex.com.mx\/finx\/#website\"},\"datePublished\":\"2024-08-30T22:46:20+00:00\",\"dateModified\":\"2024-10-03T18:02:30+00:00\",\"breadcrumb\":{\"@id\":\"https:\/\/unimex.com.mx\/finx\/unimex-es-confiable\/#breadcrumb\"},\"inLanguage\":\"es\",\"potentialAction\":[{\"@type\":\"ReadAction\",\"target\":[\"https:\/\/unimex.com.mx\/finx\/unimex-es-confiable\/\"]}]},{\"@type\":\"BreadcrumbList\",\"@id\":\"https:\/\/unimex.com.mx\/finx\/unimex-es-confiable\/#breadcrumb\",\"itemListElement\":[{\"@type\":\"ListItem\",\"position\":1,\"name\":\"Portada\",\"item\":\"https:\/\/unimex.com.mx\/finx\/\"},{\"@type\":\"ListItem\",\"position\":2,\"name\":\"Unimex es confiable\"}]},{\"@type\":\"WebSite\",\"@id\":\"https:\/\/unimex.com.mx\/finx\/#website\",\"url\":\"https:\/\/unimex.com.mx\/finx\/\",\"name\":\"Unimex Digital\",\"description\":\"Pr\u00e9stamos Unimex\",\"publisher\":{\"@id\":\"https:\/\/unimex.com.mx\/finx\/#organization\"},\"potentialAction\":[{\"@type\":\"SearchAction\",\"target\":{\"@type\":\"EntryPoint\",\"urlTemplate\":\"https:\/\/unimex.com.mx\/finx\/?s={search_term_string}\"},\"query-input\":{\"@type\":\"PropertyValueSpecification\",\"valueRequired\":true,\"valueName\":\"search_term_string\"}}],\"inLanguage\":\"es\"},{\"@type\":\"Organization\",\"@id\":\"https:\/\/unimex.com.mx\/finx\/#organization\",\"name\":\"Unimex Digital SA de CV\",\"alternateName\":\"Unimex\",\"url\":\"https:\/\/unimex.com.mx\/finx\/\",\"logo\":{\"@type\":\"ImageObject\",\"inLanguage\":\"es\",\"@id\":\"https:\/\/unimex.com.mx\/finx\/#\/schema\/logo\/image\/\",\"url\":\"https:\/\/unimex.com.mx\/finx\/wp-content\/uploads\/2024\/10\/logo-unimex.png\",\"contentUrl\":\"https:\/\/unimex.com.mx\/finx\/wp-content\/uploads\/2024\/10\/logo-unimex.png\",\"width\":615,\"height\":406,\"caption\":\"Unimex Digital SA de CV\"},\"image\":{\"@id\":\"https:\/\/unimex.com.mx\/finx\/#\/schema\/logo\/image\/\"},\"sameAs\":[\"https:\/\/www.facebook.com\/unimex.financiera.creditos\",\"https:\/\/www.instagram.com\/unimex.financiera_oficial\/\"]}]}<\/script>\n<!-- \/ Yoast SEO plugin. -->","yoast_head_json":{"title":"Unimex es confiable - Unimex Digital","robots":{"index":"index","follow":"follow","max-snippet":"max-snippet:-1","max-image-preview":"max-image-preview:large","max-video-preview":"max-video-preview:-1"},"canonical":"https:\/\/unimex.com.mx\/finx\/unimex-es-confiable\/","og_locale":"es_ES","og_type":"article","og_title":"Unimex es confiable - Unimex Digital","og_description":"1. Verifica a la empresa con instituciones reguladoras. El Gobierno Federal, a trav\u00e9s de la\u00a0CONDUSEF, cuenta con el Sistema de Registro de Prestadores de Servicios Financieros (SIPRES). Este sistema es de acceso p\u00fablico y expone la informaci\u00f3n de las instituciones que est\u00e1n reguladas por la instituci\u00f3n 2. Investiga los puntos de contacto con la empresa. [&hellip;]","og_url":"https:\/\/unimex.com.mx\/finx\/unimex-es-confiable\/","og_site_name":"Unimex Digital","article_publisher":"https:\/\/www.facebook.com\/unimex.financiera.creditos","article_modified_time":"2024-10-03T18:02:30+00:00","og_image":[{"width":615,"height":406,"url":"https:\/\/unimex.com.mx\/finx\/wp-content\/uploads\/2024\/10\/logo-unimex.png","type":"image\/png"}],"twitter_card":"summary_large_image","twitter_misc":{"Tiempo de lectura":"1 minuto"},"schema":{"@context":"https:\/\/schema.org","@graph":[{"@type":"WebPage","@id":"https:\/\/unimex.com.mx\/finx\/unimex-es-confiable\/","url":"https:\/\/unimex.com.mx\/finx\/unimex-es-confiable\/","name":"Unimex es confiable - Unimex Digital","isPartOf":{"@id":"https:\/\/unimex.com.mx\/finx\/#website"},"datePublished":"2024-08-30T22:46:20+00:00","dateModified":"2024-10-03T18:02:30+00:00","breadcrumb":{"@id":"https:\/\/unimex.com.mx\/finx\/unimex-es-confiable\/#breadcrumb"},"inLanguage":"es","potentialAction":[{"@type":"ReadAction","target":["https:\/\/unimex.com.mx\/finx\/unimex-es-confiable\/"]}]},{"@type":"BreadcrumbList","@id":"https:\/\/unimex.com.mx\/finx\/unimex-es-confiable\/#breadcrumb","itemListElement":[{"@type":"ListItem","position":1,"name":"Portada","item":"https:\/\/unimex.com.mx\/finx\/"},{"@type":"ListItem","position":2,"name":"Unimex es confiable"}]},{"@type":"WebSite","@id":"https:\/\/unimex.com.mx\/finx\/#website","url":"https:\/\/unimex.com.mx\/finx\/","name":"Unimex Digital","description":"Pr\u00e9stamos Unimex","publisher":{"@id":"https:\/\/unimex.com.mx\/finx\/#organization"},"potentialAction":[{"@type":"SearchAction","target":{"@type":"EntryPoint","urlTemplate":"https:\/\/unimex.com.mx\/finx\/?s={search_term_string}"},"query-input":{"@type":"PropertyValueSpecification","valueRequired":true,"valueName":"search_term_string"}}],"inLanguage":"es"},{"@type":"Organization","@id":"https:\/\/unimex.com.mx\/finx\/#organization","name":"Unimex Digital SA de CV","alternateName":"Unimex","url":"https:\/\/unimex.com.mx\/finx\/","logo":{"@type":"ImageObject","inLanguage":"es","@id":"https:\/\/unimex.com.mx\/finx\/#\/schema\/logo\/image\/","url":"https:\/\/unimex.com.mx\/finx\/wp-content\/uploads\/2024\/10\/logo-unimex.png","contentUrl":"https:\/\/unimex.com.mx\/finx\/wp-content\/uploads\/2024\/10\/logo-unimex.png","width":615,"height":406,"caption":"Unimex Digital SA de CV"},"image":{"@id":"https:\/\/unimex.com.mx\/finx\/#\/schema\/logo\/image\/"},"sameAs":["https:\/\/www.facebook.com\/unimex.financiera.creditos","https:\/\/www.instagram.com\/unimex.financiera_oficial\/"]}]}},"_links":{"self":[{"href":"https:\/\/unimex.com.mx\/finx\/wp-json\/wp\/v2\/pages\/4026","targetHints":{"allow":["GET"]}}],"collection":[{"href":"https:\/\/unimex.com.mx\/finx\/wp-json\/wp\/v2\/pages"}],"about":[{"href":"https:\/\/unimex.com.mx\/finx\/wp-json\/wp\/v2\/types\/page"}],"author":[{"embeddable":true,"href":"https:\/\/unimex.com.mx\/finx\/wp-json\/wp\/v2\/users\/1"}],"replies":[{"embeddable":true,"href":"https:\/\/unimex.com.mx\/finx\/wp-json\/wp\/v2\/comments?post=4026"}],"version-history":[{"count":4,"href":"https:\/\/unimex.com.mx\/finx\/wp-json\/wp\/v2\/pages\/4026\/revisions"}],"predecessor-version":[{"id":4030,"href":"https:\/\/unimex.com.mx\/finx\/wp-json\/wp\/v2\/pages\/4026\/revisions\/4030"}],"wp:attachment":[{"href":"https:\/\/unimex.com.mx\/finx\/wp-json\/wp\/v2\/media?parent=4026"}],"curies":[{"name":"wp","href":"https:\/\/api.w.org\/{rel}","templated":true}]}}