{"id":3993,"date":"2024-08-30T21:40:54","date_gmt":"2024-08-30T21:40:54","guid":{"rendered":"https:\/\/unimex.com.mx\/financiera\/?page_id=3993"},"modified":"2024-10-10T22:24:08","modified_gmt":"2024-10-10T22:24:08","slug":"que-sucede-si-dejo-de-pagar","status":"publish","type":"page","link":"https:\/\/unimex.com.mx\/finx\/que-sucede-si-dejo-de-pagar\/","title":{"rendered":"\u00bfQu\u00e9 sucede si dejo de pagar?"},"content":{"rendered":"\t\t<div data-elementor-type=\"wp-page\" data-elementor-id=\"3993\" class=\"elementor elementor-3993\" data-elementor-post-type=\"page\">\n\t\t\t\t<div class=\"elementor-element elementor-element-3ac6186 e-flex e-con-boxed e-con e-parent\" data-id=\"3ac6186\" data-element_type=\"container\">\n\t\t\t\t\t<div class=\"e-con-inner\">\n\t\t\t\t<div class=\"elementor-element elementor-element-08a6514 elementor-widget elementor-widget-heading\" data-id=\"08a6514\" data-element_type=\"widget\" data-widget_type=\"heading.default\">\n\t\t\t\t<div class=\"elementor-widget-container\">\n\t\t\t\t\t<h2 class=\"elementor-heading-title elementor-size-default\">\u00bfQu\u00e9 sucede si dejo de pagar?<\/h2>\t\t\t\t<\/div>\n\t\t\t\t<\/div>\n\t\t\t\t\t<\/div>\n\t\t\t\t<\/div>\n\t\t<div class=\"elementor-element elementor-element-b4fda25 e-flex e-con-boxed e-con e-parent\" data-id=\"b4fda25\" data-element_type=\"container\">\n\t\t\t\t\t<div class=\"e-con-inner\">\n\t\t\t\t<div class=\"elementor-element elementor-element-2a51a8b elementor-widget elementor-widget-heading\" data-id=\"2a51a8b\" data-element_type=\"widget\" data-widget_type=\"heading.default\">\n\t\t\t\t<div class=\"elementor-widget-container\">\n\t\t\t\t\t<h2 class=\"elementor-heading-title elementor-size-default\">Anticipate a la situaci\u00f3n.<\/h2>\t\t\t\t<\/div>\n\t\t\t\t<\/div>\n\t\t\t\t\t<\/div>\n\t\t\t\t<\/div>\n\t\t<div class=\"elementor-element elementor-element-20b9370 e-flex e-con-boxed e-con e-parent\" data-id=\"20b9370\" data-element_type=\"container\">\n\t\t\t\t\t<div class=\"e-con-inner\">\n\t\t\t\t<div class=\"elementor-element elementor-element-aa3a708 elementor-widget elementor-widget-text-editor\" data-id=\"aa3a708\" data-element_type=\"widget\" data-widget_type=\"text-editor.default\">\n\t\t\t\t<div class=\"elementor-widget-container\">\n\t\t\t\t\t\t\t\t\t<p>Nuestro inter\u00e9s es que mejores tu calidad de vida con nuestros productores financieros. Si est\u00e1s pensando dejar de pagar, mejor cont\u00e1ctanos y buscaremos alternativa para ayudarte a que esto no pase.<\/p>\t\t\t\t\t\t\t\t<\/div>\n\t\t\t\t<\/div>\n\t\t\t\t\t<\/div>\n\t\t\t\t<\/div>\n\t\t<div class=\"elementor-element elementor-element-418e100 e-flex e-con-boxed e-con e-parent\" data-id=\"418e100\" data-element_type=\"container\">\n\t\t\t\t\t<div class=\"e-con-inner\">\n\t\t\t\t<div class=\"elementor-element elementor-element-6ec8878 elementor-widget elementor-widget-heading\" data-id=\"6ec8878\" data-element_type=\"widget\" data-widget_type=\"heading.default\">\n\t\t\t\t<div class=\"elementor-widget-container\">\n\t\t\t\t\t<h2 class=\"elementor-heading-title elementor-size-default\">Intentaremos contactarte.<\/h2>\t\t\t\t<\/div>\n\t\t\t\t<\/div>\n\t\t\t\t\t<\/div>\n\t\t\t\t<\/div>\n\t\t<div class=\"elementor-element elementor-element-81c537b e-flex e-con-boxed e-con e-parent\" data-id=\"81c537b\" data-element_type=\"container\">\n\t\t\t\t\t<div class=\"e-con-inner\">\n\t\t\t\t<div class=\"elementor-element elementor-element-2b39ce0 elementor-widget elementor-widget-text-editor\" data-id=\"2b39ce0\" data-element_type=\"widget\" data-widget_type=\"text-editor.default\">\n\t\t\t\t<div class=\"elementor-widget-container\">\n\t\t\t\t\t\t\t\t\t<p>Si ya se dio el caso y no pudiste pagar, comenzar\u00e1s a recibir comunicados nuestros. Las llamadas y los mensajes llegan a ser molestos pero nuestra intenci\u00f3n inicial es entender tu situaci\u00f3n y buscar alternativas para regularizarte. Entre m\u00e1s r\u00e1pido atiendas a nuestros comunicados, m\u00e1s f\u00e1cil ser\u00e1 llegar a un acuerdo.<\/p>\t\t\t\t\t\t\t\t<\/div>\n\t\t\t\t<\/div>\n\t\t\t\t\t<\/div>\n\t\t\t\t<\/div>\n\t\t<div class=\"elementor-element elementor-element-62af0c6 e-flex e-con-boxed e-con e-parent\" data-id=\"62af0c6\" data-element_type=\"container\">\n\t\t\t\t\t<div class=\"e-con-inner\">\n\t\t\t\t<div class=\"elementor-element elementor-element-3eef2f3 elementor-widget elementor-widget-heading\" data-id=\"3eef2f3\" data-element_type=\"widget\" data-widget_type=\"heading.default\">\n\t\t\t\t<div class=\"elementor-widget-container\">\n\t\t\t\t\t<h2 class=\"elementor-heading-title elementor-size-default\">Reportaremos al Bur\u00f3 de Cr\u00e9dito<\/h2>\t\t\t\t<\/div>\n\t\t\t\t<\/div>\n\t\t\t\t\t<\/div>\n\t\t\t\t<\/div>\n\t\t<div class=\"elementor-element elementor-element-08734fe e-flex e-con-boxed e-con e-parent\" data-id=\"08734fe\" data-element_type=\"container\">\n\t\t\t\t\t<div class=\"e-con-inner\">\n\t\t\t\t<div class=\"elementor-element elementor-element-97fb626 elementor-widget elementor-widget-text-editor\" data-id=\"97fb626\" data-element_type=\"widget\" data-widget_type=\"text-editor.default\">\n\t\t\t\t<div class=\"elementor-widget-container\">\n\t\t\t\t\t\t\t\t\t<p>Al ser una instituci\u00f3n financiera regulada, tenemos la obligaci\u00f3n de compartir la informaci\u00f3n de tu historial crediticio a las entidades con las que trabajamos. Una vez m\u00e1s, entre m\u00e1s r\u00e1pido conversemos sobre tu situaci\u00f3n, el impacto a tu hsitorial ser\u00e1 menor.<\/p>\t\t\t\t\t\t\t\t<\/div>\n\t\t\t\t<\/div>\n\t\t\t\t\t<\/div>\n\t\t\t\t<\/div>\n\t\t<div class=\"elementor-element elementor-element-dac82f1 e-flex e-con-boxed e-con e-parent\" data-id=\"dac82f1\" data-element_type=\"container\">\n\t\t\t\t\t<div class=\"e-con-inner\">\n\t\t\t\t<div class=\"elementor-element elementor-element-3e01d23 elementor-widget elementor-widget-heading\" data-id=\"3e01d23\" data-element_type=\"widget\" data-widget_type=\"heading.default\">\n\t\t\t\t<div class=\"elementor-widget-container\">\n\t\t\t\t\t<h2 class=\"elementor-heading-title elementor-size-default\">Canalizaremos tu caso a una instancia especializada.<\/h2>\t\t\t\t<\/div>\n\t\t\t\t<\/div>\n\t\t\t\t\t<\/div>\n\t\t\t\t<\/div>\n\t\t<div class=\"elementor-element elementor-element-cf00d41 e-flex e-con-boxed e-con e-parent\" data-id=\"cf00d41\" data-element_type=\"container\">\n\t\t\t\t\t<div class=\"e-con-inner\">\n\t\t\t\t<div class=\"elementor-element elementor-element-34327f6 elementor-widget elementor-widget-text-editor\" data-id=\"34327f6\" data-element_type=\"widget\" data-widget_type=\"text-editor.default\">\n\t\t\t\t<div class=\"elementor-widget-container\">\n\t\t\t\t\t\t\t\t\t<p>Si no tenemos respuesta despu\u00e9s de un periodo de insistencia, tu caso ser\u00e1 tomado por un \u00e1rea de cobranza. En ese punto, es posible que tu caso tenga que atenderse por abogados especializados en la materia y presentarse una demanda legal.<\/p>\t\t\t\t\t\t\t\t<\/div>\n\t\t\t\t<\/div>\n\t\t\t\t<div class=\"elementor-element elementor-element-550de33 elementor-widget elementor-widget-spacer\" data-id=\"550de33\" data-element_type=\"widget\" data-widget_type=\"spacer.default\">\n\t\t\t\t<div class=\"elementor-widget-container\">\n\t\t\t\t\t\t\t<div class=\"elementor-spacer\">\n\t\t\t<div class=\"elementor-spacer-inner\"><\/div>\n\t\t<\/div>\n\t\t\t\t\t\t<\/div>\n\t\t\t\t<\/div>\n\t\t\t\t\t<\/div>\n\t\t\t\t<\/div>\n\t\t<div class=\"elementor-element elementor-element-35f7001 e-flex e-con-boxed e-con e-parent\" data-id=\"35f7001\" data-element_type=\"container\">\n\t\t\t\t\t<div class=\"e-con-inner\">\n\t\t<div class=\"elementor-element elementor-element-5a1d8fe e-con-full e-flex e-con e-child\" data-id=\"5a1d8fe\" data-element_type=\"container\">\n\t\t\t\t<div class=\"elementor-element elementor-element-4cf9a24 elementor-widget elementor-widget-finlon_contact_info\" data-id=\"4cf9a24\" data-element_type=\"widget\" data-widget_type=\"finlon_contact_info.default\">\n\t\t\t\t<div class=\"elementor-widget-container\">\n\t\t\t\t\t\t\t<div class=\"contact-info-one__item\">\r\n\t\t\t<div class=\"contact-info-one__icon\">\r\n\t\t\t\t<i class=\"icon icon-email\"><\/i>\r\n\t\t\t<\/div><!-- \/.contact-info-one__icon -->\r\n\t\t\t<div class=\"contact-info-one__content\">\r\n\t\t\t\t<p class=\"contact-info-one__text\">Si tienes alguna duda sobre tu pago.<\/p><!-- \/.contact-info-one__text -->\r\n\t\t\t\t<a class=\"contact-info-one__link\"  href=\"\">Cont\u00e1ctanos<\/a>\r\n\t\t\t<\/div><!-- \/.contact-info-one__content -->\r\n\t\t<\/div>\r\n\t\t\t\t\t<\/div>\n\t\t\t\t<\/div>\n\t\t\t\t<\/div>\n\t\t\t\t\t<\/div>\n\t\t\t\t<\/div>\n\t\t<div class=\"elementor-element elementor-element-4a2ce4b e-flex e-con-boxed e-con e-parent\" data-id=\"4a2ce4b\" data-element_type=\"container\">\n\t\t\t\t\t<div class=\"e-con-inner\">\n\t\t<div class=\"elementor-element elementor-element-cf1b6b9 e-con-full e-flex e-con e-child\" data-id=\"cf1b6b9\" data-element_type=\"container\">\n\t\t\t\t<\/div>\n\t\t<div class=\"elementor-element elementor-element-8b65ac1 e-con-full e-flex e-con e-child\" data-id=\"8b65ac1\" data-element_type=\"container\">\n\t\t\t\t<div class=\"elementor-element elementor-element-bb8e947 elementor-button-align-stretch elementor-widget elementor-widget-form\" data-id=\"bb8e947\" data-element_type=\"widget\" data-settings=\"{&quot;step_next_label&quot;:&quot;Siguiente&quot;,&quot;step_previous_label&quot;:&quot;Anterior&quot;,&quot;button_width&quot;:&quot;100&quot;,&quot;step_type&quot;:&quot;number_text&quot;,&quot;step_icon_shape&quot;:&quot;circle&quot;}\" data-widget_type=\"form.default\">\n\t\t\t\t<div class=\"elementor-widget-container\">\n\t\t\t\t\t\t\t<form class=\"elementor-form\" method=\"post\" name=\"Nuevo formulario\">\n\t\t\t<input type=\"hidden\" name=\"post_id\" value=\"3993\"\/>\n\t\t\t<input type=\"hidden\" name=\"form_id\" value=\"bb8e947\"\/>\n\t\t\t<input type=\"hidden\" name=\"referer_title\" value=\"Unimex Digital\" \/>\n\n\t\t\t\n\t\t\t<div class=\"elementor-form-fields-wrapper elementor-labels-above\">\n\t\t\t\t\t\t\t\t<div class=\"elementor-field-type-text elementor-field-group elementor-column elementor-field-group-name elementor-col-100 elementor-field-required\">\n\t\t\t\t\t\t\t\t\t\t\t\t<label for=\"form-field-name\" class=\"elementor-field-label\">\n\t\t\t\t\t\t\t\tNombre\t\t\t\t\t\t\t<\/label>\n\t\t\t\t\t\t\t\t\t\t\t\t\t\t<input size=\"1\" type=\"text\" name=\"form_fields[name]\" id=\"form-field-name\" class=\"elementor-field elementor-size-sm  elementor-field-textual\" placeholder=\"Nombre\" required=\"required\">\n\t\t\t\t\t\t\t\t\t\t\t<\/div>\n\t\t\t\t\t\t\t\t<div class=\"elementor-field-type-email elementor-field-group elementor-column elementor-field-group-email elementor-col-100 elementor-field-required\">\n\t\t\t\t\t\t\t\t\t\t\t\t<label for=\"form-field-email\" class=\"elementor-field-label\">\n\t\t\t\t\t\t\t\tCorreo electr\u00f3nico\t\t\t\t\t\t\t<\/label>\n\t\t\t\t\t\t\t\t\t\t\t\t\t\t<input size=\"1\" type=\"email\" name=\"form_fields[email]\" id=\"form-field-email\" class=\"elementor-field elementor-size-sm  elementor-field-textual\" placeholder=\"Correo electr\u00f3nico\" required=\"required\">\n\t\t\t\t\t\t\t\t\t\t\t<\/div>\n\t\t\t\t\t\t\t\t<div class=\"elementor-field-type-tel elementor-field-group elementor-column elementor-field-group-field_10c1e89 elementor-col-100 elementor-field-required\">\n\t\t\t\t\t\t\t\t\t\t\t\t<label for=\"form-field-field_10c1e89\" class=\"elementor-field-label\">\n\t\t\t\t\t\t\t\tTel\u00e9fono\t\t\t\t\t\t\t<\/label>\n\t\t\t\t\t\t\t\t<input size=\"1\" type=\"tel\" name=\"form_fields[field_10c1e89]\" id=\"form-field-field_10c1e89\" class=\"elementor-field elementor-size-sm  elementor-field-textual\" required=\"required\" pattern=\"[0-9()#&amp;+*-=.]+\" title=\"Solo se aceptan n\u00fameros y caracteres de tel\u00e9fono (#,-,*,etc).\">\n\n\t\t\t\t\t\t<\/div>\n\t\t\t\t\t\t\t\t<div class=\"elementor-field-type-textarea elementor-field-group elementor-column elementor-field-group-message elementor-col-100 elementor-field-required\">\n\t\t\t\t\t\t\t\t\t\t\t\t<label for=\"form-field-message\" class=\"elementor-field-label\">\n\t\t\t\t\t\t\t\tMensaje\t\t\t\t\t\t\t<\/label>\n\t\t\t\t\t\t<textarea class=\"elementor-field-textual elementor-field  elementor-size-sm\" name=\"form_fields[message]\" id=\"form-field-message\" rows=\"4\" placeholder=\"Mensaje\" required=\"required\"><\/textarea>\t\t\t\t<\/div>\n\t\t\t\t\t\t\t\t<div class=\"elementor-field-type-acceptance elementor-field-group elementor-column elementor-field-group-field_02a4858 elementor-col-100 elementor-field-required\">\n\t\t\t\t\t\t\t<div class=\"elementor-field-subgroup\">\n\t\t\t<span class=\"elementor-field-option\">\n\t\t\t\t<input type=\"checkbox\" name=\"form_fields[field_02a4858]\" id=\"form-field-field_02a4858\" class=\"elementor-field elementor-size-sm  elementor-acceptance-field\" required=\"required\">\n\t\t\t\t<label for=\"form-field-field_02a4858\">Acepto la pol\u00edtica de privacidad<\/label>\t\t\t<\/span>\n\t\t<\/div>\n\t\t\t\t\t\t<\/div>\n\t\t\t\t\t\t\t\t<div class=\"elementor-field-type-recaptcha_v3 elementor-field-group elementor-column elementor-field-group-field_6c09f93 elementor-col-100 recaptcha_v3-inline\">\n\t\t\t\t\t<div class=\"elementor-field\" id=\"form-field-field_6c09f93\"><div class=\"elementor-g-recaptcha\" data-sitekey=\"6Lcyu10qAAAAAF_NLJl-ZSUVJilo3cIH3vTlkwG7\" data-type=\"v3\" data-action=\"Form\" data-badge=\"inline\" data-size=\"invisible\"><\/div><\/div>\t\t\t\t<\/div>\n\t\t\t\t\t\t\t\t<div class=\"elementor-field-group elementor-column elementor-field-type-submit elementor-col-100 e-form__buttons\">\n\t\t\t\t\t<button class=\"elementor-button elementor-size-sm\" type=\"submit\">\n\t\t\t\t\t\t<span class=\"elementor-button-content-wrapper\">\n\t\t\t\t\t\t\t\t\t\t\t\t\t\t\t\t\t\t\t\t\t\t<span class=\"elementor-button-text\">Enviar<\/span>\n\t\t\t\t\t\t\t\t\t\t\t\t\t<\/span>\n\t\t\t\t\t<\/button>\n\t\t\t\t<\/div>\n\t\t\t<\/div>\n\t\t<\/form>\n\t\t\t\t\t\t<\/div>\n\t\t\t\t<\/div>\n\t\t\t\t<\/div>\n\t\t<div class=\"elementor-element elementor-element-d952fb3 e-con-full e-flex e-con e-child\" data-id=\"d952fb3\" data-element_type=\"container\">\n\t\t\t\t<\/div>\n\t\t\t\t\t<\/div>\n\t\t\t\t<\/div>\n\t\t\t\t<\/div>\n\t\t","protected":false},"excerpt":{"rendered":"<p>\u00bfQu\u00e9 sucede si dejo de pagar? Anticipate a la situaci\u00f3n. Nuestro inter\u00e9s es que mejores tu calidad de vida con nuestros productores financieros. Si est\u00e1s pensando dejar de pagar, mejor cont\u00e1ctanos y buscaremos alternativa para ayudarte a que esto no pase. Intentaremos contactarte. Si ya se dio el caso y no pudiste pagar, comenzar\u00e1s a [&hellip;]<\/p>\n","protected":false},"author":1,"featured_media":0,"parent":0,"menu_order":0,"comment_status":"closed","ping_status":"closed","template":"","meta":{"footnotes":""},"class_list":["post-3993","page","type-page","status-publish","hentry"],"yoast_head":"<!-- This site is optimized with the Yoast SEO plugin v24.8.1 - https:\/\/yoast.com\/wordpress\/plugins\/seo\/ -->\n<title>\u00bfQu\u00e9 sucede si dejo de pagar? - Unimex Digital<\/title>\n<meta name=\"description\" content=\"Nuestro inter\u00e9s es que mejores tu calidad de vida con nuestros productores financieros. Si est\u00e1s pensando dejar de pagar, mejor cont\u00e1ctanos y buscaremos alternativa para ayudarte a que esto no pase.\" \/>\n<meta name=\"robots\" content=\"index, follow, max-snippet:-1, max-image-preview:large, max-video-preview:-1\" \/>\n<link rel=\"canonical\" href=\"https:\/\/unimex.com.mx\/finx\/que-sucede-si-dejo-de-pagar\/\" \/>\n<meta property=\"og:locale\" content=\"es_ES\" \/>\n<meta property=\"og:type\" content=\"article\" \/>\n<meta property=\"og:title\" content=\"\u00bfQu\u00e9 sucede si dejo de pagar? - Unimex Digital\" \/>\n<meta property=\"og:description\" content=\"Nuestro inter\u00e9s es que mejores tu calidad de vida con nuestros productores financieros. Si est\u00e1s pensando dejar de pagar, mejor cont\u00e1ctanos y buscaremos alternativa para ayudarte a que esto no pase.\" \/>\n<meta property=\"og:url\" content=\"https:\/\/unimex.com.mx\/finx\/que-sucede-si-dejo-de-pagar\/\" \/>\n<meta property=\"og:site_name\" content=\"Unimex Digital\" \/>\n<meta property=\"article:publisher\" content=\"https:\/\/www.facebook.com\/unimex.financiera.creditos\" \/>\n<meta property=\"article:modified_time\" content=\"2024-10-10T22:24:08+00:00\" \/>\n<meta property=\"og:image\" content=\"https:\/\/unimex.com.mx\/finx\/wp-content\/uploads\/2024\/10\/logo-unimex.png\" \/>\n\t<meta property=\"og:image:width\" content=\"615\" \/>\n\t<meta property=\"og:image:height\" content=\"406\" \/>\n\t<meta property=\"og:image:type\" content=\"image\/png\" \/>\n<meta name=\"twitter:card\" content=\"summary_large_image\" \/>\n<meta name=\"twitter:label1\" content=\"Tiempo de lectura\" \/>\n\t<meta name=\"twitter:data1\" content=\"1 minuto\" \/>\n<script type=\"application\/ld+json\" class=\"yoast-schema-graph\">{\"@context\":\"https:\/\/schema.org\",\"@graph\":[{\"@type\":\"WebPage\",\"@id\":\"https:\/\/unimex.com.mx\/finx\/que-sucede-si-dejo-de-pagar\/\",\"url\":\"https:\/\/unimex.com.mx\/finx\/que-sucede-si-dejo-de-pagar\/\",\"name\":\"\u00bfQu\u00e9 sucede si dejo de pagar? - Unimex Digital\",\"isPartOf\":{\"@id\":\"https:\/\/unimex.com.mx\/finx\/#website\"},\"datePublished\":\"2024-08-30T21:40:54+00:00\",\"dateModified\":\"2024-10-10T22:24:08+00:00\",\"description\":\"Nuestro inter\u00e9s es que mejores tu calidad de vida con nuestros productores financieros. Si est\u00e1s pensando dejar de pagar, mejor cont\u00e1ctanos y buscaremos alternativa para ayudarte a que esto no pase.\",\"breadcrumb\":{\"@id\":\"https:\/\/unimex.com.mx\/finx\/que-sucede-si-dejo-de-pagar\/#breadcrumb\"},\"inLanguage\":\"es\",\"potentialAction\":[{\"@type\":\"ReadAction\",\"target\":[\"https:\/\/unimex.com.mx\/finx\/que-sucede-si-dejo-de-pagar\/\"]}]},{\"@type\":\"BreadcrumbList\",\"@id\":\"https:\/\/unimex.com.mx\/finx\/que-sucede-si-dejo-de-pagar\/#breadcrumb\",\"itemListElement\":[{\"@type\":\"ListItem\",\"position\":1,\"name\":\"Portada\",\"item\":\"https:\/\/unimex.com.mx\/finx\/\"},{\"@type\":\"ListItem\",\"position\":2,\"name\":\"\u00bfQu\u00e9 sucede si dejo de pagar?\"}]},{\"@type\":\"WebSite\",\"@id\":\"https:\/\/unimex.com.mx\/finx\/#website\",\"url\":\"https:\/\/unimex.com.mx\/finx\/\",\"name\":\"Unimex Digital\",\"description\":\"Pr\u00e9stamos Unimex\",\"publisher\":{\"@id\":\"https:\/\/unimex.com.mx\/finx\/#organization\"},\"potentialAction\":[{\"@type\":\"SearchAction\",\"target\":{\"@type\":\"EntryPoint\",\"urlTemplate\":\"https:\/\/unimex.com.mx\/finx\/?s={search_term_string}\"},\"query-input\":{\"@type\":\"PropertyValueSpecification\",\"valueRequired\":true,\"valueName\":\"search_term_string\"}}],\"inLanguage\":\"es\"},{\"@type\":\"Organization\",\"@id\":\"https:\/\/unimex.com.mx\/finx\/#organization\",\"name\":\"Unimex Digital SA de CV\",\"alternateName\":\"Unimex\",\"url\":\"https:\/\/unimex.com.mx\/finx\/\",\"logo\":{\"@type\":\"ImageObject\",\"inLanguage\":\"es\",\"@id\":\"https:\/\/unimex.com.mx\/finx\/#\/schema\/logo\/image\/\",\"url\":\"https:\/\/unimex.com.mx\/finx\/wp-content\/uploads\/2024\/10\/logo-unimex.png\",\"contentUrl\":\"https:\/\/unimex.com.mx\/finx\/wp-content\/uploads\/2024\/10\/logo-unimex.png\",\"width\":615,\"height\":406,\"caption\":\"Unimex Digital SA de CV\"},\"image\":{\"@id\":\"https:\/\/unimex.com.mx\/finx\/#\/schema\/logo\/image\/\"},\"sameAs\":[\"https:\/\/www.facebook.com\/unimex.financiera.creditos\",\"https:\/\/www.instagram.com\/unimex.financiera_oficial\/\"]}]}<\/script>\n<!-- \/ Yoast SEO plugin. -->","yoast_head_json":{"title":"\u00bfQu\u00e9 sucede si dejo de pagar? - Unimex Digital","description":"Nuestro inter\u00e9s es que mejores tu calidad de vida con nuestros productores financieros. Si est\u00e1s pensando dejar de pagar, mejor cont\u00e1ctanos y buscaremos alternativa para ayudarte a que esto no pase.","robots":{"index":"index","follow":"follow","max-snippet":"max-snippet:-1","max-image-preview":"max-image-preview:large","max-video-preview":"max-video-preview:-1"},"canonical":"https:\/\/unimex.com.mx\/finx\/que-sucede-si-dejo-de-pagar\/","og_locale":"es_ES","og_type":"article","og_title":"\u00bfQu\u00e9 sucede si dejo de pagar? - Unimex Digital","og_description":"Nuestro inter\u00e9s es que mejores tu calidad de vida con nuestros productores financieros. Si est\u00e1s pensando dejar de pagar, mejor cont\u00e1ctanos y buscaremos alternativa para ayudarte a que esto no pase.","og_url":"https:\/\/unimex.com.mx\/finx\/que-sucede-si-dejo-de-pagar\/","og_site_name":"Unimex Digital","article_publisher":"https:\/\/www.facebook.com\/unimex.financiera.creditos","article_modified_time":"2024-10-10T22:24:08+00:00","og_image":[{"width":615,"height":406,"url":"https:\/\/unimex.com.mx\/finx\/wp-content\/uploads\/2024\/10\/logo-unimex.png","type":"image\/png"}],"twitter_card":"summary_large_image","twitter_misc":{"Tiempo de lectura":"1 minuto"},"schema":{"@context":"https:\/\/schema.org","@graph":[{"@type":"WebPage","@id":"https:\/\/unimex.com.mx\/finx\/que-sucede-si-dejo-de-pagar\/","url":"https:\/\/unimex.com.mx\/finx\/que-sucede-si-dejo-de-pagar\/","name":"\u00bfQu\u00e9 sucede si dejo de pagar? - Unimex Digital","isPartOf":{"@id":"https:\/\/unimex.com.mx\/finx\/#website"},"datePublished":"2024-08-30T21:40:54+00:00","dateModified":"2024-10-10T22:24:08+00:00","description":"Nuestro inter\u00e9s es que mejores tu calidad de vida con nuestros productores financieros. Si est\u00e1s pensando dejar de pagar, mejor cont\u00e1ctanos y buscaremos alternativa para ayudarte a que esto no pase.","breadcrumb":{"@id":"https:\/\/unimex.com.mx\/finx\/que-sucede-si-dejo-de-pagar\/#breadcrumb"},"inLanguage":"es","potentialAction":[{"@type":"ReadAction","target":["https:\/\/unimex.com.mx\/finx\/que-sucede-si-dejo-de-pagar\/"]}]},{"@type":"BreadcrumbList","@id":"https:\/\/unimex.com.mx\/finx\/que-sucede-si-dejo-de-pagar\/#breadcrumb","itemListElement":[{"@type":"ListItem","position":1,"name":"Portada","item":"https:\/\/unimex.com.mx\/finx\/"},{"@type":"ListItem","position":2,"name":"\u00bfQu\u00e9 sucede si dejo de pagar?"}]},{"@type":"WebSite","@id":"https:\/\/unimex.com.mx\/finx\/#website","url":"https:\/\/unimex.com.mx\/finx\/","name":"Unimex Digital","description":"Pr\u00e9stamos Unimex","publisher":{"@id":"https:\/\/unimex.com.mx\/finx\/#organization"},"potentialAction":[{"@type":"SearchAction","target":{"@type":"EntryPoint","urlTemplate":"https:\/\/unimex.com.mx\/finx\/?s={search_term_string}"},"query-input":{"@type":"PropertyValueSpecification","valueRequired":true,"valueName":"search_term_string"}}],"inLanguage":"es"},{"@type":"Organization","@id":"https:\/\/unimex.com.mx\/finx\/#organization","name":"Unimex Digital SA de CV","alternateName":"Unimex","url":"https:\/\/unimex.com.mx\/finx\/","logo":{"@type":"ImageObject","inLanguage":"es","@id":"https:\/\/unimex.com.mx\/finx\/#\/schema\/logo\/image\/","url":"https:\/\/unimex.com.mx\/finx\/wp-content\/uploads\/2024\/10\/logo-unimex.png","contentUrl":"https:\/\/unimex.com.mx\/finx\/wp-content\/uploads\/2024\/10\/logo-unimex.png","width":615,"height":406,"caption":"Unimex Digital SA de CV"},"image":{"@id":"https:\/\/unimex.com.mx\/finx\/#\/schema\/logo\/image\/"},"sameAs":["https:\/\/www.facebook.com\/unimex.financiera.creditos","https:\/\/www.instagram.com\/unimex.financiera_oficial\/"]}]}},"_links":{"self":[{"href":"https:\/\/unimex.com.mx\/finx\/wp-json\/wp\/v2\/pages\/3993","targetHints":{"allow":["GET"]}}],"collection":[{"href":"https:\/\/unimex.com.mx\/finx\/wp-json\/wp\/v2\/pages"}],"about":[{"href":"https:\/\/unimex.com.mx\/finx\/wp-json\/wp\/v2\/types\/page"}],"author":[{"embeddable":true,"href":"https:\/\/unimex.com.mx\/finx\/wp-json\/wp\/v2\/users\/1"}],"replies":[{"embeddable":true,"href":"https:\/\/unimex.com.mx\/finx\/wp-json\/wp\/v2\/comments?post=3993"}],"version-history":[{"count":27,"href":"https:\/\/unimex.com.mx\/finx\/wp-json\/wp\/v2\/pages\/3993\/revisions"}],"predecessor-version":[{"id":8040,"href":"https:\/\/unimex.com.mx\/finx\/wp-json\/wp\/v2\/pages\/3993\/revisions\/8040"}],"wp:attachment":[{"href":"https:\/\/unimex.com.mx\/finx\/wp-json\/wp\/v2\/media?parent=3993"}],"curies":[{"name":"wp","href":"https:\/\/api.w.org\/{rel}","templated":true}]}}