{"id":3968,"date":"2024-08-30T21:17:08","date_gmt":"2024-08-30T21:17:08","guid":{"rendered":"https:\/\/unimex.com.mx\/financiera\/?page_id=3968"},"modified":"2024-10-10T22:16:44","modified_gmt":"2024-10-10T22:16:44","slug":"como-puedo-pagar-anticipadamente","status":"publish","type":"page","link":"https:\/\/unimex.com.mx\/finx\/como-puedo-pagar-anticipadamente\/","title":{"rendered":"\u00bfComo puedo pagar anticipadamente?"},"content":{"rendered":"\t\t<div data-elementor-type=\"wp-page\" data-elementor-id=\"3968\" class=\"elementor elementor-3968\" data-elementor-post-type=\"page\">\n\t\t\t\t<div class=\"elementor-element elementor-element-67676ab e-flex e-con-boxed e-con e-parent\" data-id=\"67676ab\" data-element_type=\"container\">\n\t\t\t\t\t<div class=\"e-con-inner\">\n\t\t\t\t<div class=\"elementor-element elementor-element-ca219d1 elementor-widget elementor-widget-heading\" data-id=\"ca219d1\" data-element_type=\"widget\" data-widget_type=\"heading.default\">\n\t\t\t\t<div class=\"elementor-widget-container\">\n\t\t\t\t\t<h2 class=\"elementor-heading-title elementor-size-default\">1. Ingresa tu perfil de usuario y busca el bot\u00f3n \"Descargar Ficha de Pago\"<\/h2>\t\t\t\t<\/div>\n\t\t\t\t<\/div>\n\t\t\t\t<div class=\"elementor-element elementor-element-88ff114 elementor-widget elementor-widget-spacer\" data-id=\"88ff114\" data-element_type=\"widget\" data-widget_type=\"spacer.default\">\n\t\t\t\t<div class=\"elementor-widget-container\">\n\t\t\t\t\t\t\t<div class=\"elementor-spacer\">\n\t\t\t<div class=\"elementor-spacer-inner\"><\/div>\n\t\t<\/div>\n\t\t\t\t\t\t<\/div>\n\t\t\t\t<\/div>\n\t\t\t\t\t<\/div>\n\t\t\t\t<\/div>\n\t\t<div class=\"elementor-element elementor-element-941616f e-flex e-con-boxed e-con e-parent\" data-id=\"941616f\" data-element_type=\"container\">\n\t\t\t\t\t<div class=\"e-con-inner\">\n\t\t\t\t<div class=\"elementor-element elementor-element-3ca9513 elementor-widget elementor-widget-image\" data-id=\"3ca9513\" data-element_type=\"widget\" data-widget_type=\"image.default\">\n\t\t\t\t<div class=\"elementor-widget-container\">\n\t\t\t\t\t\t\t\t\t\t\t\t\t\t\t<img fetchpriority=\"high\" decoding=\"async\" width=\"640\" height=\"288\" src=\"https:\/\/unimex.com.mx\/finx\/wp-content\/uploads\/2024\/08\/Fichapago.png\" class=\"attachment-large size-large wp-image-3971\" alt=\"\" srcset=\"https:\/\/unimex.com.mx\/finx\/wp-content\/uploads\/2024\/08\/Fichapago.png 768w, https:\/\/unimex.com.mx\/finx\/wp-content\/uploads\/2024\/08\/Fichapago-300x135.png 300w, https:\/\/unimex.com.mx\/finx\/wp-content\/uploads\/2024\/08\/Fichapago-370x167.png 370w\" sizes=\"(max-width: 640px) 100vw, 640px\" \/>\t\t\t\t\t\t\t\t\t\t\t\t\t\t\t<\/div>\n\t\t\t\t<\/div>\n\t\t\t\t<div class=\"elementor-element elementor-element-e51e8c1 elementor-widget elementor-widget-spacer\" data-id=\"e51e8c1\" data-element_type=\"widget\" data-widget_type=\"spacer.default\">\n\t\t\t\t<div class=\"elementor-widget-container\">\n\t\t\t\t\t\t\t<div class=\"elementor-spacer\">\n\t\t\t<div class=\"elementor-spacer-inner\"><\/div>\n\t\t<\/div>\n\t\t\t\t\t\t<\/div>\n\t\t\t\t<\/div>\n\t\t\t\t\t<\/div>\n\t\t\t\t<\/div>\n\t\t<div class=\"elementor-element elementor-element-fdeff6f e-flex e-con-boxed e-con e-parent\" data-id=\"fdeff6f\" data-element_type=\"container\">\n\t\t\t\t\t<div class=\"e-con-inner\">\n\t\t\t\t<div class=\"elementor-element elementor-element-f7c689e elementor-widget elementor-widget-heading\" data-id=\"f7c689e\" data-element_type=\"widget\" data-widget_type=\"heading.default\">\n\t\t\t\t<div class=\"elementor-widget-container\">\n\t\t\t\t\t<h2 class=\"elementor-heading-title elementor-size-default\">2. Escoge el tipo de pago que deseas y descarga el formato.<\/h2>\t\t\t\t<\/div>\n\t\t\t\t<\/div>\n\t\t\t\t<div class=\"elementor-element elementor-element-e88f975 elementor-widget elementor-widget-spacer\" data-id=\"e88f975\" data-element_type=\"widget\" data-widget_type=\"spacer.default\">\n\t\t\t\t<div class=\"elementor-widget-container\">\n\t\t\t\t\t\t\t<div class=\"elementor-spacer\">\n\t\t\t<div class=\"elementor-spacer-inner\"><\/div>\n\t\t<\/div>\n\t\t\t\t\t\t<\/div>\n\t\t\t\t<\/div>\n\t\t\t\t\t<\/div>\n\t\t\t\t<\/div>\n\t\t<div class=\"elementor-element elementor-element-4d53f40 e-flex e-con-boxed e-con e-parent\" data-id=\"4d53f40\" data-element_type=\"container\">\n\t\t\t\t\t<div class=\"e-con-inner\">\n\t\t\t\t<div class=\"elementor-element elementor-element-5501f85 elementor-widget elementor-widget-image\" data-id=\"5501f85\" data-element_type=\"widget\" data-widget_type=\"image.default\">\n\t\t\t\t<div class=\"elementor-widget-container\">\n\t\t\t\t\t\t\t\t\t\t\t\t\t\t\t<img decoding=\"async\" width=\"640\" height=\"335\" src=\"https:\/\/unimex.com.mx\/finx\/wp-content\/uploads\/2024\/08\/descargaformato.png\" class=\"attachment-large size-large wp-image-3972\" alt=\"\" srcset=\"https:\/\/unimex.com.mx\/finx\/wp-content\/uploads\/2024\/08\/descargaformato.png 768w, https:\/\/unimex.com.mx\/finx\/wp-content\/uploads\/2024\/08\/descargaformato-300x157.png 300w, https:\/\/unimex.com.mx\/finx\/wp-content\/uploads\/2024\/08\/descargaformato-370x194.png 370w\" sizes=\"(max-width: 640px) 100vw, 640px\" \/>\t\t\t\t\t\t\t\t\t\t\t\t\t\t\t<\/div>\n\t\t\t\t<\/div>\n\t\t\t\t\t<\/div>\n\t\t\t\t<\/div>\n\t\t<div class=\"elementor-element elementor-element-8c95fb4 e-flex e-con-boxed e-con e-parent\" data-id=\"8c95fb4\" data-element_type=\"container\">\n\t\t\t\t\t<div class=\"e-con-inner\">\n\t\t\t\t<div class=\"elementor-element elementor-element-cd2cc79 elementor-widget elementor-widget-spacer\" data-id=\"cd2cc79\" data-element_type=\"widget\" data-widget_type=\"spacer.default\">\n\t\t\t\t<div class=\"elementor-widget-container\">\n\t\t\t\t\t\t\t<div class=\"elementor-spacer\">\n\t\t\t<div class=\"elementor-spacer-inner\"><\/div>\n\t\t<\/div>\n\t\t\t\t\t\t<\/div>\n\t\t\t\t<\/div>\n\t\t\t\t\t<\/div>\n\t\t\t\t<\/div>\n\t\t<div class=\"elementor-element elementor-element-011da2f e-flex e-con-boxed e-con e-parent\" data-id=\"011da2f\" data-element_type=\"container\">\n\t\t\t\t\t<div class=\"e-con-inner\">\n\t\t\t\t<div class=\"elementor-element elementor-element-4ecada5 elementor-widget elementor-widget-finlon_contact_info\" data-id=\"4ecada5\" data-element_type=\"widget\" data-widget_type=\"finlon_contact_info.default\">\n\t\t\t\t<div class=\"elementor-widget-container\">\n\t\t\t\t\t\t\t<div class=\"contact-info-one__item\">\r\n\t\t\t<div class=\"contact-info-one__icon\">\r\n\t\t\t\t<i class=\"icon icon-email\"><\/i>\r\n\t\t\t<\/div><!-- \/.contact-info-one__icon -->\r\n\t\t\t<div class=\"contact-info-one__content\">\r\n\t\t\t\t<p class=\"contact-info-one__text\">La ficha contendr\u00e1 la informaci\u00f3n relacionada con tu pago. Ahora, solo acude a los puntos autorizados para realizar tu pago y env\u00edanos una copia de tu comprobante de pago a traves del sig. Formulario.<\/p><!-- \/.contact-info-one__text -->\r\n\t\t\t\t<a class=\"contact-info-one__link\"  href=\"\">Cont\u00e1ctanos<\/a>\r\n\t\t\t<\/div><!-- \/.contact-info-one__content -->\r\n\t\t<\/div>\r\n\t\t\t\t\t<\/div>\n\t\t\t\t<\/div>\n\t\t\t\t\t<\/div>\n\t\t\t\t<\/div>\n\t\t<div class=\"elementor-element elementor-element-552ab55 e-flex e-con-boxed e-con e-parent\" data-id=\"552ab55\" data-element_type=\"container\">\n\t\t\t\t\t<div class=\"e-con-inner\">\n\t\t<div class=\"elementor-element elementor-element-f3253b3 e-con-full e-flex e-con e-child\" data-id=\"f3253b3\" data-element_type=\"container\">\n\t\t\t\t<\/div>\n\t\t<div class=\"elementor-element elementor-element-6d43239 e-con-full e-flex e-con e-child\" data-id=\"6d43239\" data-element_type=\"container\">\n\t\t\t\t<div class=\"elementor-element elementor-element-2bb4d70 elementor-button-align-stretch elementor-widget elementor-widget-form\" data-id=\"2bb4d70\" data-element_type=\"widget\" data-settings=\"{&quot;step_next_label&quot;:&quot;Siguiente&quot;,&quot;step_previous_label&quot;:&quot;Anterior&quot;,&quot;button_width&quot;:&quot;100&quot;,&quot;step_type&quot;:&quot;number_text&quot;,&quot;step_icon_shape&quot;:&quot;circle&quot;}\" data-widget_type=\"form.default\">\n\t\t\t\t<div class=\"elementor-widget-container\">\n\t\t\t\t\t\t\t<form class=\"elementor-form\" method=\"post\" name=\"Nuevo formulario\">\n\t\t\t<input type=\"hidden\" name=\"post_id\" value=\"3968\"\/>\n\t\t\t<input type=\"hidden\" name=\"form_id\" value=\"2bb4d70\"\/>\n\t\t\t<input type=\"hidden\" name=\"referer_title\" value=\"\u00bfComo puedo pagar anticipadamente? - Unimex Digital\" \/>\n\n\t\t\t\t\t\t\t<input type=\"hidden\" name=\"queried_id\" value=\"3968\"\/>\n\t\t\t\n\t\t\t<div class=\"elementor-form-fields-wrapper elementor-labels-above\">\n\t\t\t\t\t\t\t\t<div class=\"elementor-field-type-text elementor-field-group elementor-column elementor-field-group-name elementor-col-100 elementor-field-required\">\n\t\t\t\t\t\t\t\t\t\t\t\t<label for=\"form-field-name\" class=\"elementor-field-label\">\n\t\t\t\t\t\t\t\tNombre\t\t\t\t\t\t\t<\/label>\n\t\t\t\t\t\t\t\t\t\t\t\t\t\t<input size=\"1\" type=\"text\" name=\"form_fields[name]\" id=\"form-field-name\" class=\"elementor-field elementor-size-sm  elementor-field-textual\" placeholder=\"Nombre\" required=\"required\">\n\t\t\t\t\t\t\t\t\t\t\t<\/div>\n\t\t\t\t\t\t\t\t<div class=\"elementor-field-type-email elementor-field-group elementor-column elementor-field-group-email elementor-col-100 elementor-field-required\">\n\t\t\t\t\t\t\t\t\t\t\t\t<label for=\"form-field-email\" class=\"elementor-field-label\">\n\t\t\t\t\t\t\t\tCorreo electr\u00f3nico\t\t\t\t\t\t\t<\/label>\n\t\t\t\t\t\t\t\t\t\t\t\t\t\t<input size=\"1\" type=\"email\" name=\"form_fields[email]\" id=\"form-field-email\" class=\"elementor-field elementor-size-sm  elementor-field-textual\" placeholder=\"Correo electr\u00f3nico\" required=\"required\">\n\t\t\t\t\t\t\t\t\t\t\t<\/div>\n\t\t\t\t\t\t\t\t<div class=\"elementor-field-type-tel elementor-field-group elementor-column elementor-field-group-field_dd17b47 elementor-col-100 elementor-field-required\">\n\t\t\t\t\t\t\t\t\t\t\t\t<label for=\"form-field-field_dd17b47\" class=\"elementor-field-label\">\n\t\t\t\t\t\t\t\tTel\u00e9fono\t\t\t\t\t\t\t<\/label>\n\t\t\t\t\t\t\t\t<input size=\"1\" type=\"tel\" name=\"form_fields[field_dd17b47]\" id=\"form-field-field_dd17b47\" class=\"elementor-field elementor-size-sm  elementor-field-textual\" required=\"required\" pattern=\"[0-9()#&amp;+*-=.]+\" title=\"Solo se aceptan n\u00fameros y caracteres de tel\u00e9fono (#,-,*,etc).\">\n\n\t\t\t\t\t\t<\/div>\n\t\t\t\t\t\t\t\t<div class=\"elementor-field-type-textarea elementor-field-group elementor-column elementor-field-group-message elementor-col-100 elementor-field-required\">\n\t\t\t\t\t\t\t\t\t\t\t\t<label for=\"form-field-message\" class=\"elementor-field-label\">\n\t\t\t\t\t\t\t\tMensaje\t\t\t\t\t\t\t<\/label>\n\t\t\t\t\t\t<textarea class=\"elementor-field-textual elementor-field  elementor-size-sm\" name=\"form_fields[message]\" id=\"form-field-message\" rows=\"4\" placeholder=\"Mensaje\" required=\"required\"><\/textarea>\t\t\t\t<\/div>\n\t\t\t\t\t\t\t\t<div class=\"elementor-field-type-acceptance elementor-field-group elementor-column elementor-field-group-field_5cb4a0f elementor-col-100 elementor-field-required\">\n\t\t\t\t\t\t\t<div class=\"elementor-field-subgroup\">\n\t\t\t<span class=\"elementor-field-option\">\n\t\t\t\t<input type=\"checkbox\" name=\"form_fields[field_5cb4a0f]\" id=\"form-field-field_5cb4a0f\" class=\"elementor-field elementor-size-sm  elementor-acceptance-field\" required=\"required\">\n\t\t\t\t<label for=\"form-field-field_5cb4a0f\">Acepto la pol\u00edtica de privacidad<\/label>\t\t\t<\/span>\n\t\t<\/div>\n\t\t\t\t\t\t<\/div>\n\t\t\t\t\t\t\t\t<div class=\"elementor-field-type-recaptcha_v3 elementor-field-group elementor-column elementor-field-group-field_8b88661 elementor-col-100 recaptcha_v3-inline\">\n\t\t\t\t\t<div class=\"elementor-field\" id=\"form-field-field_8b88661\"><div class=\"elementor-g-recaptcha\" data-sitekey=\"6Lcyu10qAAAAAF_NLJl-ZSUVJilo3cIH3vTlkwG7\" data-type=\"v3\" data-action=\"Form\" data-badge=\"inline\" data-size=\"invisible\"><\/div><\/div>\t\t\t\t<\/div>\n\t\t\t\t\t\t\t\t<div class=\"elementor-field-group elementor-column elementor-field-type-submit elementor-col-100 e-form__buttons\">\n\t\t\t\t\t<button class=\"elementor-button elementor-size-sm\" type=\"submit\">\n\t\t\t\t\t\t<span class=\"elementor-button-content-wrapper\">\n\t\t\t\t\t\t\t\t\t\t\t\t\t\t\t\t\t\t\t\t\t\t<span class=\"elementor-button-text\">Enviar<\/span>\n\t\t\t\t\t\t\t\t\t\t\t\t\t<\/span>\n\t\t\t\t\t<\/button>\n\t\t\t\t<\/div>\n\t\t\t<\/div>\n\t\t<\/form>\n\t\t\t\t\t\t<\/div>\n\t\t\t\t<\/div>\n\t\t\t\t<\/div>\n\t\t<div class=\"elementor-element elementor-element-ef5b72e e-con-full e-flex e-con e-child\" data-id=\"ef5b72e\" data-element_type=\"container\">\n\t\t\t\t<\/div>\n\t\t\t\t\t<\/div>\n\t\t\t\t<\/div>\n\t\t\t\t<\/div>\n\t\t","protected":false},"excerpt":{"rendered":"<p>1. Ingresa tu perfil de usuario y busca el bot\u00f3n \u00abDescargar Ficha de Pago\u00bb 2. Escoge el tipo de pago que deseas y descarga el formato. La ficha contendr\u00e1 la informaci\u00f3n relacionada con tu pago. Ahora, solo acude a los puntos autorizados para realizar tu pago y env\u00edanos una copia de tu comprobante de pago [&hellip;]<\/p>\n","protected":false},"author":1,"featured_media":0,"parent":0,"menu_order":0,"comment_status":"closed","ping_status":"closed","template":"","meta":{"footnotes":""},"class_list":["post-3968","page","type-page","status-publish","hentry"],"yoast_head":"<!-- This site is optimized with the Yoast SEO plugin v24.8.1 - https:\/\/yoast.com\/wordpress\/plugins\/seo\/ -->\n<title>\u00bfComo puedo pagar anticipadamente? - Unimex Digital<\/title>\n<meta name=\"description\" content=\"1. Ingresa tu perfil de usuario y busca el bot\u00f3n &quot;Descargar Ficha de Pago&quot;2. Escoge el tipo de pago que deseas y descarga el formato.La ficha contendr\u00e1 la informaci\u00f3n relacionada con tu pago. Ahora, solo acude a los puntos autorizados para realizar tu pago y env\u00edanos una copia de tu comprobante de pago a traves del sig. Formulario.\" \/>\n<meta name=\"robots\" content=\"index, follow, max-snippet:-1, max-image-preview:large, max-video-preview:-1\" \/>\n<link rel=\"canonical\" href=\"https:\/\/unimex.com.mx\/finx\/como-puedo-pagar-anticipadamente\/\" \/>\n<meta property=\"og:locale\" content=\"es_ES\" \/>\n<meta property=\"og:type\" content=\"article\" \/>\n<meta property=\"og:title\" content=\"\u00bfComo puedo pagar anticipadamente? - Unimex Digital\" \/>\n<meta property=\"og:description\" content=\"1. Ingresa tu perfil de usuario y busca el bot\u00f3n &quot;Descargar Ficha de Pago&quot;2. Escoge el tipo de pago que deseas y descarga el formato.La ficha contendr\u00e1 la informaci\u00f3n relacionada con tu pago. Ahora, solo acude a los puntos autorizados para realizar tu pago y env\u00edanos una copia de tu comprobante de pago a traves del sig. Formulario.\" \/>\n<meta property=\"og:url\" content=\"https:\/\/unimex.com.mx\/finx\/como-puedo-pagar-anticipadamente\/\" \/>\n<meta property=\"og:site_name\" content=\"Unimex Digital\" \/>\n<meta property=\"article:publisher\" content=\"https:\/\/www.facebook.com\/unimex.financiera.creditos\" \/>\n<meta property=\"article:modified_time\" content=\"2024-10-10T22:16:44+00:00\" \/>\n<meta property=\"og:image\" content=\"https:\/\/unimex.com.mx\/finx\/wp-content\/uploads\/2024\/08\/Fichapago.png\" \/>\n<meta name=\"twitter:card\" content=\"summary_large_image\" \/>\n<meta name=\"twitter:label1\" content=\"Tiempo de lectura\" \/>\n\t<meta name=\"twitter:data1\" content=\"1 minuto\" \/>\n<script type=\"application\/ld+json\" class=\"yoast-schema-graph\">{\"@context\":\"https:\/\/schema.org\",\"@graph\":[{\"@type\":\"WebPage\",\"@id\":\"https:\/\/unimex.com.mx\/finx\/como-puedo-pagar-anticipadamente\/\",\"url\":\"https:\/\/unimex.com.mx\/finx\/como-puedo-pagar-anticipadamente\/\",\"name\":\"\u00bfComo puedo pagar anticipadamente? - Unimex Digital\",\"isPartOf\":{\"@id\":\"https:\/\/unimex.com.mx\/finx\/#website\"},\"primaryImageOfPage\":{\"@id\":\"https:\/\/unimex.com.mx\/finx\/como-puedo-pagar-anticipadamente\/#primaryimage\"},\"image\":{\"@id\":\"https:\/\/unimex.com.mx\/finx\/como-puedo-pagar-anticipadamente\/#primaryimage\"},\"thumbnailUrl\":\"https:\/\/unimex.com.mx\/finx\/wp-content\/uploads\/2024\/08\/Fichapago.png\",\"datePublished\":\"2024-08-30T21:17:08+00:00\",\"dateModified\":\"2024-10-10T22:16:44+00:00\",\"description\":\"1. Ingresa tu perfil de usuario y busca el bot\u00f3n \\\"Descargar Ficha de Pago\\\"2. Escoge el tipo de pago que deseas y descarga el formato.La ficha contendr\u00e1 la informaci\u00f3n relacionada con tu pago. Ahora, solo acude a los puntos autorizados para realizar tu pago y env\u00edanos una copia de tu comprobante de pago a traves del sig. Formulario.\",\"breadcrumb\":{\"@id\":\"https:\/\/unimex.com.mx\/finx\/como-puedo-pagar-anticipadamente\/#breadcrumb\"},\"inLanguage\":\"es\",\"potentialAction\":[{\"@type\":\"ReadAction\",\"target\":[\"https:\/\/unimex.com.mx\/finx\/como-puedo-pagar-anticipadamente\/\"]}]},{\"@type\":\"ImageObject\",\"inLanguage\":\"es\",\"@id\":\"https:\/\/unimex.com.mx\/finx\/como-puedo-pagar-anticipadamente\/#primaryimage\",\"url\":\"https:\/\/unimex.com.mx\/finx\/wp-content\/uploads\/2024\/08\/Fichapago.png\",\"contentUrl\":\"https:\/\/unimex.com.mx\/finx\/wp-content\/uploads\/2024\/08\/Fichapago.png\",\"width\":768,\"height\":346},{\"@type\":\"BreadcrumbList\",\"@id\":\"https:\/\/unimex.com.mx\/finx\/como-puedo-pagar-anticipadamente\/#breadcrumb\",\"itemListElement\":[{\"@type\":\"ListItem\",\"position\":1,\"name\":\"Portada\",\"item\":\"https:\/\/unimex.com.mx\/finx\/\"},{\"@type\":\"ListItem\",\"position\":2,\"name\":\"\u00bfComo puedo pagar anticipadamente?\"}]},{\"@type\":\"WebSite\",\"@id\":\"https:\/\/unimex.com.mx\/finx\/#website\",\"url\":\"https:\/\/unimex.com.mx\/finx\/\",\"name\":\"Unimex Digital\",\"description\":\"Pr\u00e9stamos Unimex\",\"publisher\":{\"@id\":\"https:\/\/unimex.com.mx\/finx\/#organization\"},\"potentialAction\":[{\"@type\":\"SearchAction\",\"target\":{\"@type\":\"EntryPoint\",\"urlTemplate\":\"https:\/\/unimex.com.mx\/finx\/?s={search_term_string}\"},\"query-input\":{\"@type\":\"PropertyValueSpecification\",\"valueRequired\":true,\"valueName\":\"search_term_string\"}}],\"inLanguage\":\"es\"},{\"@type\":\"Organization\",\"@id\":\"https:\/\/unimex.com.mx\/finx\/#organization\",\"name\":\"Unimex Digital SA de CV\",\"alternateName\":\"Unimex\",\"url\":\"https:\/\/unimex.com.mx\/finx\/\",\"logo\":{\"@type\":\"ImageObject\",\"inLanguage\":\"es\",\"@id\":\"https:\/\/unimex.com.mx\/finx\/#\/schema\/logo\/image\/\",\"url\":\"https:\/\/unimex.com.mx\/finx\/wp-content\/uploads\/2024\/10\/logo-unimex.png\",\"contentUrl\":\"https:\/\/unimex.com.mx\/finx\/wp-content\/uploads\/2024\/10\/logo-unimex.png\",\"width\":615,\"height\":406,\"caption\":\"Unimex Digital SA de CV\"},\"image\":{\"@id\":\"https:\/\/unimex.com.mx\/finx\/#\/schema\/logo\/image\/\"},\"sameAs\":[\"https:\/\/www.facebook.com\/unimex.financiera.creditos\",\"https:\/\/www.instagram.com\/unimex.financiera_oficial\/\"]}]}<\/script>\n<!-- \/ Yoast SEO plugin. -->","yoast_head_json":{"title":"\u00bfComo puedo pagar anticipadamente? - Unimex Digital","description":"1. Ingresa tu perfil de usuario y busca el bot\u00f3n \"Descargar Ficha de Pago\"2. Escoge el tipo de pago que deseas y descarga el formato.La ficha contendr\u00e1 la informaci\u00f3n relacionada con tu pago. Ahora, solo acude a los puntos autorizados para realizar tu pago y env\u00edanos una copia de tu comprobante de pago a traves del sig. Formulario.","robots":{"index":"index","follow":"follow","max-snippet":"max-snippet:-1","max-image-preview":"max-image-preview:large","max-video-preview":"max-video-preview:-1"},"canonical":"https:\/\/unimex.com.mx\/finx\/como-puedo-pagar-anticipadamente\/","og_locale":"es_ES","og_type":"article","og_title":"\u00bfComo puedo pagar anticipadamente? - Unimex Digital","og_description":"1. Ingresa tu perfil de usuario y busca el bot\u00f3n \"Descargar Ficha de Pago\"2. Escoge el tipo de pago que deseas y descarga el formato.La ficha contendr\u00e1 la informaci\u00f3n relacionada con tu pago. Ahora, solo acude a los puntos autorizados para realizar tu pago y env\u00edanos una copia de tu comprobante de pago a traves del sig. Formulario.","og_url":"https:\/\/unimex.com.mx\/finx\/como-puedo-pagar-anticipadamente\/","og_site_name":"Unimex Digital","article_publisher":"https:\/\/www.facebook.com\/unimex.financiera.creditos","article_modified_time":"2024-10-10T22:16:44+00:00","og_image":[{"url":"https:\/\/unimex.com.mx\/finx\/wp-content\/uploads\/2024\/08\/Fichapago.png","type":"","width":"","height":""}],"twitter_card":"summary_large_image","twitter_misc":{"Tiempo de lectura":"1 minuto"},"schema":{"@context":"https:\/\/schema.org","@graph":[{"@type":"WebPage","@id":"https:\/\/unimex.com.mx\/finx\/como-puedo-pagar-anticipadamente\/","url":"https:\/\/unimex.com.mx\/finx\/como-puedo-pagar-anticipadamente\/","name":"\u00bfComo puedo pagar anticipadamente? - Unimex Digital","isPartOf":{"@id":"https:\/\/unimex.com.mx\/finx\/#website"},"primaryImageOfPage":{"@id":"https:\/\/unimex.com.mx\/finx\/como-puedo-pagar-anticipadamente\/#primaryimage"},"image":{"@id":"https:\/\/unimex.com.mx\/finx\/como-puedo-pagar-anticipadamente\/#primaryimage"},"thumbnailUrl":"https:\/\/unimex.com.mx\/finx\/wp-content\/uploads\/2024\/08\/Fichapago.png","datePublished":"2024-08-30T21:17:08+00:00","dateModified":"2024-10-10T22:16:44+00:00","description":"1. Ingresa tu perfil de usuario y busca el bot\u00f3n \"Descargar Ficha de Pago\"2. Escoge el tipo de pago que deseas y descarga el formato.La ficha contendr\u00e1 la informaci\u00f3n relacionada con tu pago. Ahora, solo acude a los puntos autorizados para realizar tu pago y env\u00edanos una copia de tu comprobante de pago a traves del sig. Formulario.","breadcrumb":{"@id":"https:\/\/unimex.com.mx\/finx\/como-puedo-pagar-anticipadamente\/#breadcrumb"},"inLanguage":"es","potentialAction":[{"@type":"ReadAction","target":["https:\/\/unimex.com.mx\/finx\/como-puedo-pagar-anticipadamente\/"]}]},{"@type":"ImageObject","inLanguage":"es","@id":"https:\/\/unimex.com.mx\/finx\/como-puedo-pagar-anticipadamente\/#primaryimage","url":"https:\/\/unimex.com.mx\/finx\/wp-content\/uploads\/2024\/08\/Fichapago.png","contentUrl":"https:\/\/unimex.com.mx\/finx\/wp-content\/uploads\/2024\/08\/Fichapago.png","width":768,"height":346},{"@type":"BreadcrumbList","@id":"https:\/\/unimex.com.mx\/finx\/como-puedo-pagar-anticipadamente\/#breadcrumb","itemListElement":[{"@type":"ListItem","position":1,"name":"Portada","item":"https:\/\/unimex.com.mx\/finx\/"},{"@type":"ListItem","position":2,"name":"\u00bfComo puedo pagar anticipadamente?"}]},{"@type":"WebSite","@id":"https:\/\/unimex.com.mx\/finx\/#website","url":"https:\/\/unimex.com.mx\/finx\/","name":"Unimex Digital","description":"Pr\u00e9stamos Unimex","publisher":{"@id":"https:\/\/unimex.com.mx\/finx\/#organization"},"potentialAction":[{"@type":"SearchAction","target":{"@type":"EntryPoint","urlTemplate":"https:\/\/unimex.com.mx\/finx\/?s={search_term_string}"},"query-input":{"@type":"PropertyValueSpecification","valueRequired":true,"valueName":"search_term_string"}}],"inLanguage":"es"},{"@type":"Organization","@id":"https:\/\/unimex.com.mx\/finx\/#organization","name":"Unimex Digital SA de CV","alternateName":"Unimex","url":"https:\/\/unimex.com.mx\/finx\/","logo":{"@type":"ImageObject","inLanguage":"es","@id":"https:\/\/unimex.com.mx\/finx\/#\/schema\/logo\/image\/","url":"https:\/\/unimex.com.mx\/finx\/wp-content\/uploads\/2024\/10\/logo-unimex.png","contentUrl":"https:\/\/unimex.com.mx\/finx\/wp-content\/uploads\/2024\/10\/logo-unimex.png","width":615,"height":406,"caption":"Unimex Digital SA de CV"},"image":{"@id":"https:\/\/unimex.com.mx\/finx\/#\/schema\/logo\/image\/"},"sameAs":["https:\/\/www.facebook.com\/unimex.financiera.creditos","https:\/\/www.instagram.com\/unimex.financiera_oficial\/"]}]}},"_links":{"self":[{"href":"https:\/\/unimex.com.mx\/finx\/wp-json\/wp\/v2\/pages\/3968","targetHints":{"allow":["GET"]}}],"collection":[{"href":"https:\/\/unimex.com.mx\/finx\/wp-json\/wp\/v2\/pages"}],"about":[{"href":"https:\/\/unimex.com.mx\/finx\/wp-json\/wp\/v2\/types\/page"}],"author":[{"embeddable":true,"href":"https:\/\/unimex.com.mx\/finx\/wp-json\/wp\/v2\/users\/1"}],"replies":[{"embeddable":true,"href":"https:\/\/unimex.com.mx\/finx\/wp-json\/wp\/v2\/comments?post=3968"}],"version-history":[{"count":25,"href":"https:\/\/unimex.com.mx\/finx\/wp-json\/wp\/v2\/pages\/3968\/revisions"}],"predecessor-version":[{"id":8027,"href":"https:\/\/unimex.com.mx\/finx\/wp-json\/wp\/v2\/pages\/3968\/revisions\/8027"}],"wp:attachment":[{"href":"https:\/\/unimex.com.mx\/finx\/wp-json\/wp\/v2\/media?parent=3968"}],"curies":[{"name":"wp","href":"https:\/\/api.w.org\/{rel}","templated":true}]}}