{"id":2405,"date":"2022-08-30T14:08:30","date_gmt":"2022-08-30T14:08:30","guid":{"rendered":"https:\/\/thegenius.co\/wp\/finlon\/live\/?page_id=2405"},"modified":"2024-10-10T22:13:48","modified_gmt":"2024-10-10T22:13:48","slug":"contacto","status":"publish","type":"page","link":"https:\/\/unimex.com.mx\/finx\/contacto\/","title":{"rendered":"Contacto"},"content":{"rendered":"\t\t<div data-elementor-type=\"wp-page\" data-elementor-id=\"2405\" class=\"elementor elementor-2405\" data-elementor-post-type=\"page\">\n\t\t\t\t\t\t<section class=\"elementor-section elementor-top-section elementor-element elementor-element-61c2ccb contact-one finlon-column-stretched-none elementor-section-boxed elementor-section-height-default elementor-section-height-default\" data-id=\"61c2ccb\" data-element_type=\"section\">\n\t\t\t\t\t\t\t<div class=\"elementor-background-overlay\"><\/div>\n\t\t\t\t\t\t\t<div class=\"elementor-container elementor-column-gap-default\">\n\t\t\t\t\t<div class=\"elementor-column elementor-col-50 elementor-top-column elementor-element elementor-element-860c5eb\" data-id=\"860c5eb\" data-element_type=\"column\">\n\t\t\t<div class=\"elementor-widget-wrap elementor-element-populated\">\n\t\t\t\t\t\t<div class=\"elementor-element elementor-element-672b744 elementor-widget elementor-widget-finlon_socials_widget\" data-id=\"672b744\" data-element_type=\"widget\" data-settings=\"{&quot;_animation&quot;:&quot;none&quot;}\" data-widget_type=\"finlon_socials_widget.default\">\n\t\t\t\t<div class=\"elementor-widget-container\">\n\t\t\t\t\t\t\t<div class=\"contact-one__social\">\r\n\t\t\t\t\t\t\t<a href=\"https:\/\/www.facebook.com\/unimex.financiera.creditos?locale=es_LA\"><i class=\"fab fa-facebook\"><\/i><\/a>\r\n\t\t\t\t\t\t\t<a href=\"https:\/\/www.instagram.com\/unimex.financiera_oficial\/?fbclid=IwY2xjawFOlHVleHRuA2FlbQIxMAABHRLocxFwPg8h437cQ2HASvoVR0KBpSzdYr8rrKQjqxBSyaBSfJpfv0Riwg_aem_uZSGXpNRNdtZSN0NrhFPGQ\"><i class=\"fab fa-instagram\"><\/i><\/a>\r\n\t\t\t\t\t<\/div>\r\n\t\t\t\t\t<\/div>\n\t\t\t\t<\/div>\n\t\t\t\t<div class=\"elementor-element elementor-element-d920e18 elementor-widget elementor-widget-spacer\" data-id=\"d920e18\" data-element_type=\"widget\" data-widget_type=\"spacer.default\">\n\t\t\t\t<div class=\"elementor-widget-container\">\n\t\t\t\t\t\t\t<div class=\"elementor-spacer\">\n\t\t\t<div class=\"elementor-spacer-inner\"><\/div>\n\t\t<\/div>\n\t\t\t\t\t\t<\/div>\n\t\t\t\t<\/div>\n\t\t\t\t<div class=\"elementor-element elementor-element-f2afded elementor-widget elementor-widget-finlon_title\" data-id=\"f2afded\" data-element_type=\"widget\" data-settings=\"{&quot;_animation&quot;:&quot;none&quot;}\" data-widget_type=\"finlon_title.default\">\n\t\t\t\t<div class=\"elementor-widget-container\">\n\t\t\t\t\t\t\t<div class=\"block-title-wrapper\">\r\n\t\t\t<div class=\"block-title\">\r\n\t\t\t\t\t\t\t\t\t<p class=\"block-title__tagline\">CONTACTO<\/p><!-- \/.block-title__tagline -->\r\n\t\t\t\t\t\t\t\t\t\t\t\t\t<h2 class=\"block-title__title\">Ponte en contacto con nosotros<\/h2><!-- \/.block-title__title -->\r\n\t\t\t\t\t\t\t\t\t\t\t<\/div>\r\n\t\t\t\t\t\t\t<div class=\"block-title__desc\"><p>Te responderemos a la brevedad..<\/p><\/div>\r\n\t\t\t\t\t<\/div>\r\n\t\t\t\t\t<\/div>\n\t\t\t\t<\/div>\n\t\t\t\t\t<\/div>\n\t\t<\/div>\n\t\t\t\t<div class=\"elementor-column elementor-col-50 elementor-top-column elementor-element elementor-element-f44c13c\" data-id=\"f44c13c\" data-element_type=\"column\">\n\t\t\t<div class=\"elementor-widget-wrap elementor-element-populated\">\n\t\t\t\t\t\t<div class=\"elementor-element elementor-element-3ce60d2 elementor-button-align-stretch elementor-widget elementor-widget-form\" data-id=\"3ce60d2\" data-element_type=\"widget\" data-settings=\"{&quot;step_next_label&quot;:&quot;Siguiente&quot;,&quot;step_previous_label&quot;:&quot;Anterior&quot;,&quot;_animation&quot;:&quot;none&quot;,&quot;button_width&quot;:&quot;100&quot;,&quot;step_type&quot;:&quot;number_text&quot;,&quot;step_icon_shape&quot;:&quot;circle&quot;}\" data-widget_type=\"form.default\">\n\t\t\t\t<div class=\"elementor-widget-container\">\n\t\t\t\t\t\t\t<form class=\"elementor-form\" method=\"post\" name=\"Nuevo formulario\">\n\t\t\t<input type=\"hidden\" name=\"post_id\" value=\"2405\"\/>\n\t\t\t<input type=\"hidden\" name=\"form_id\" value=\"3ce60d2\"\/>\n\t\t\t<input type=\"hidden\" name=\"referer_title\" value=\"Unimex Digital\" \/>\n\n\t\t\t\n\t\t\t<div class=\"elementor-form-fields-wrapper elementor-labels-above\">\n\t\t\t\t\t\t\t\t<div class=\"elementor-field-type-text elementor-field-group elementor-column elementor-field-group-name elementor-col-100 elementor-field-required\">\n\t\t\t\t\t\t\t\t\t\t\t\t<label for=\"form-field-name\" class=\"elementor-field-label\">\n\t\t\t\t\t\t\t\tNombre Completo\t\t\t\t\t\t\t<\/label>\n\t\t\t\t\t\t\t\t\t\t\t\t\t\t<input size=\"1\" type=\"text\" name=\"form_fields[name]\" id=\"form-field-name\" class=\"elementor-field elementor-size-sm  elementor-field-textual\" placeholder=\"Nombre\" required=\"required\">\n\t\t\t\t\t\t\t\t\t\t\t<\/div>\n\t\t\t\t\t\t\t\t<div class=\"elementor-field-type-email elementor-field-group elementor-column elementor-field-group-email elementor-col-100 elementor-field-required\">\n\t\t\t\t\t\t\t\t\t\t\t\t<label for=\"form-field-email\" class=\"elementor-field-label\">\n\t\t\t\t\t\t\t\tCorreo electr\u00f3nico\t\t\t\t\t\t\t<\/label>\n\t\t\t\t\t\t\t\t\t\t\t\t\t\t<input size=\"1\" type=\"email\" name=\"form_fields[email]\" id=\"form-field-email\" class=\"elementor-field elementor-size-sm  elementor-field-textual\" placeholder=\"Correo electr\u00f3nico\" required=\"required\">\n\t\t\t\t\t\t\t\t\t\t\t<\/div>\n\t\t\t\t\t\t\t\t<div class=\"elementor-field-type-tel elementor-field-group elementor-column elementor-field-group-field_fde5f98 elementor-col-100 elementor-field-required\">\n\t\t\t\t\t\t\t\t\t\t\t\t<label for=\"form-field-field_fde5f98\" class=\"elementor-field-label\">\n\t\t\t\t\t\t\t\tTel\u00e9fono\t\t\t\t\t\t\t<\/label>\n\t\t\t\t\t\t\t\t<input size=\"1\" type=\"tel\" name=\"form_fields[field_fde5f98]\" id=\"form-field-field_fde5f98\" class=\"elementor-field elementor-size-sm  elementor-field-textual\" required=\"required\" pattern=\"[0-9()#&amp;+*-=.]+\" title=\"Solo se aceptan n\u00fameros y caracteres de tel\u00e9fono (#,-,*,etc).\">\n\n\t\t\t\t\t\t<\/div>\n\t\t\t\t\t\t\t\t<div class=\"elementor-field-type-textarea elementor-field-group elementor-column elementor-field-group-message elementor-col-100 elementor-field-required\">\n\t\t\t\t\t\t\t\t\t\t\t\t<label for=\"form-field-message\" class=\"elementor-field-label\">\n\t\t\t\t\t\t\t\tMensaje\t\t\t\t\t\t\t<\/label>\n\t\t\t\t\t\t<textarea class=\"elementor-field-textual elementor-field  elementor-size-sm\" name=\"form_fields[message]\" id=\"form-field-message\" rows=\"4\" placeholder=\"Mensaje\" required=\"required\"><\/textarea>\t\t\t\t<\/div>\n\t\t\t\t\t\t\t\t<div class=\"elementor-field-type-acceptance elementor-field-group elementor-column elementor-field-group-field_3b5229b elementor-col-100 elementor-field-required\">\n\t\t\t\t\t\t\t<div class=\"elementor-field-subgroup\">\n\t\t\t<span class=\"elementor-field-option\">\n\t\t\t\t<input type=\"checkbox\" name=\"form_fields[field_3b5229b]\" id=\"form-field-field_3b5229b\" class=\"elementor-field elementor-size-sm  elementor-acceptance-field\" required=\"required\">\n\t\t\t\t<label for=\"form-field-field_3b5229b\">Acepto la pol\u00edtica de privacidad<\/label>\t\t\t<\/span>\n\t\t<\/div>\n\t\t\t\t\t\t<\/div>\n\t\t\t\t\t\t\t\t<div class=\"elementor-field-type-recaptcha_v3 elementor-field-group elementor-column elementor-field-group-field_9697f56 elementor-col-100 recaptcha_v3-inline\">\n\t\t\t\t\t<div class=\"elementor-field\" id=\"form-field-field_9697f56\"><div class=\"elementor-g-recaptcha\" data-sitekey=\"6Lcyu10qAAAAAF_NLJl-ZSUVJilo3cIH3vTlkwG7\" data-type=\"v3\" data-action=\"Form\" data-badge=\"inline\" data-size=\"invisible\"><\/div><\/div>\t\t\t\t<\/div>\n\t\t\t\t\t\t\t\t<div class=\"elementor-field-group elementor-column elementor-field-type-submit elementor-col-100 e-form__buttons\">\n\t\t\t\t\t<button class=\"elementor-button elementor-size-sm\" type=\"submit\">\n\t\t\t\t\t\t<span class=\"elementor-button-content-wrapper\">\n\t\t\t\t\t\t\t\t\t\t\t\t\t\t\t\t\t\t\t\t\t\t<span class=\"elementor-button-text\">Enviar<\/span>\n\t\t\t\t\t\t\t\t\t\t\t\t\t<\/span>\n\t\t\t\t\t<\/button>\n\t\t\t\t<\/div>\n\t\t\t<\/div>\n\t\t<\/form>\n\t\t\t\t\t\t<\/div>\n\t\t\t\t<\/div>\n\t\t\t\t\t<\/div>\n\t\t<\/div>\n\t\t\t\t\t<\/div>\n\t\t<\/section>\n\t\t\t\t<section class=\"elementor-section elementor-top-section elementor-element elementor-element-d622745 finlon-column-stretched-none elementor-section-boxed elementor-section-height-default elementor-section-height-default\" data-id=\"d622745\" data-element_type=\"section\" data-settings=\"{&quot;animation&quot;:&quot;none&quot;}\">\n\t\t\t\t\t\t\t<div class=\"elementor-background-overlay\"><\/div>\n\t\t\t\t\t\t\t<div class=\"elementor-container elementor-column-gap-default\">\n\t\t\t\t\t<div class=\"elementor-column elementor-col-33 elementor-top-column elementor-element elementor-element-76888d8\" data-id=\"76888d8\" data-element_type=\"column\">\n\t\t\t<div class=\"elementor-widget-wrap elementor-element-populated\">\n\t\t\t\t\t\t<div class=\"elementor-element elementor-element-bd2ab8c elementor-widget elementor-widget-finlon_contact_info\" data-id=\"bd2ab8c\" data-element_type=\"widget\" data-widget_type=\"finlon_contact_info.default\">\n\t\t\t\t<div class=\"elementor-widget-container\">\n\t\t\t\t\t\t\t<div class=\"contact-info-one__item\">\r\n\t\t\t<div class=\"contact-info-one__icon\">\r\n\t\t\t\t<i class=\"icon icon-telephone\"><\/i>\r\n\t\t\t<\/div><!-- \/.contact-info-one__icon -->\r\n\t\t\t<div class=\"contact-info-one__content\">\r\n\t\t\t\t<p class=\"contact-info-one__text\">\u00bfTienes alguna duda o pregunta?<\/p><!-- \/.contact-info-one__text -->\r\n\t\t\t\t<a class=\"contact-info-one__link\"  href=\"tel:+3-(856)000-9850\">800 701 1111<\/a>\r\n\t\t\t<\/div><!-- \/.contact-info-one__content -->\r\n\t\t<\/div>\r\n\t\t\t\t\t<\/div>\n\t\t\t\t<\/div>\n\t\t\t\t\t<\/div>\n\t\t<\/div>\n\t\t\t\t<div class=\"elementor-column elementor-col-33 elementor-top-column elementor-element elementor-element-9758868\" data-id=\"9758868\" data-element_type=\"column\">\n\t\t\t<div class=\"elementor-widget-wrap elementor-element-populated\">\n\t\t\t\t\t\t<div class=\"elementor-element elementor-element-9c5fc59 elementor-widget elementor-widget-finlon_contact_info\" data-id=\"9c5fc59\" data-element_type=\"widget\" data-widget_type=\"finlon_contact_info.default\">\n\t\t\t\t<div class=\"elementor-widget-container\">\n\t\t\t\t\t\t\t<div class=\"contact-info-one__item\">\r\n\t\t\t<div class=\"contact-info-one__icon\">\r\n\t\t\t\t<i class=\"icon icon-email\"><\/i>\r\n\t\t\t<\/div><!-- \/.contact-info-one__icon -->\r\n\t\t\t<div class=\"contact-info-one__content\">\r\n\t\t\t\t<p class=\"contact-info-one__text\"> Escr\u00edbenos<\/p><!-- \/.contact-info-one__text -->\r\n\t\t\t\t<a class=\"contact-info-one__link\"  href=\"mailto:needhelp@company.com\">servicioaclientes@unimex.com.mx<\/a>\r\n\t\t\t<\/div><!-- \/.contact-info-one__content -->\r\n\t\t<\/div>\r\n\t\t\t\t\t<\/div>\n\t\t\t\t<\/div>\n\t\t\t\t\t<\/div>\n\t\t<\/div>\n\t\t\t\t<div class=\"elementor-column elementor-col-33 elementor-top-column elementor-element elementor-element-dc255df\" data-id=\"dc255df\" data-element_type=\"column\">\n\t\t\t<div class=\"elementor-widget-wrap elementor-element-populated\">\n\t\t\t\t\t\t<div class=\"elementor-element elementor-element-159aeca elementor-widget elementor-widget-finlon_contact_info\" data-id=\"159aeca\" data-element_type=\"widget\" data-widget_type=\"finlon_contact_info.default\">\n\t\t\t\t<div class=\"elementor-widget-container\">\n\t\t\t\t\t\t\t<div class=\"contact-info-one__item\">\r\n\t\t\t<div class=\"contact-info-one__icon\">\r\n\t\t\t\t<i class=\"icon icon-pin\"><\/i>\r\n\t\t\t<\/div><!-- \/.contact-info-one__icon -->\r\n\t\t\t<div class=\"contact-info-one__content\">\r\n\t\t\t\t<p class=\"contact-info-one__text\">vis\u00edtanos en cualquier momento<\/p><!-- \/.contact-info-one__text -->\r\n\t\t\t\t<a class=\"contact-info-one__link\"  target=_blank href=\"https:\/\/maps.app.goo.gl\/noaT9cmMVTJNwKSr8\">Torre\u00f3n, Coah.<\/a>\r\n\t\t\t<\/div><!-- \/.contact-info-one__content -->\r\n\t\t<\/div>\r\n\t\t\t\t\t<\/div>\n\t\t\t\t<\/div>\n\t\t\t\t\t<\/div>\n\t\t<\/div>\n\t\t\t\t\t<\/div>\n\t\t<\/section>\n\t\t\t\t<section class=\"elementor-section elementor-top-section elementor-element elementor-element-e556a07 elementor-section-full_width finlon-column-stretched-none elementor-section-height-default elementor-section-height-default\" data-id=\"e556a07\" data-element_type=\"section\" data-settings=\"{&quot;animation&quot;:&quot;none&quot;}\">\n\t\t\t\t\t\t<div class=\"elementor-container elementor-column-gap-default\">\n\t\t\t\t\t<div class=\"elementor-column elementor-col-100 elementor-top-column elementor-element elementor-element-8a042b3\" data-id=\"8a042b3\" data-element_type=\"column\">\n\t\t\t<div class=\"elementor-widget-wrap elementor-element-populated\">\n\t\t\t\t\t\t<div class=\"elementor-element elementor-element-cadb7b5 elementor-widget elementor-widget-google_maps\" data-id=\"cadb7b5\" data-element_type=\"widget\" data-widget_type=\"google_maps.default\">\n\t\t\t\t<div class=\"elementor-widget-container\">\n\t\t\t\t\t\t\t<div class=\"elementor-custom-embed\">\n\t\t\t<iframe loading=\"lazy\"\n\t\t\t\t\tsrc=\"https:\/\/maps.google.com\/maps?q=Unimex%20Financiera%2C%20Blvd.%20Independencia%20Oriente%201900%20bis%2C%20Navarro%2C%2027010%20Torre%C3%B3n%2C%20Coah.&#038;t=m&#038;z=16&#038;output=embed&#038;iwloc=near\"\n\t\t\t\t\ttitle=\"Unimex Financiera, Blvd. Independencia Oriente 1900 bis, Navarro, 27010 Torre\u00f3n, Coah.\"\n\t\t\t\t\taria-label=\"Unimex Financiera, Blvd. Independencia Oriente 1900 bis, Navarro, 27010 Torre\u00f3n, Coah.\"\n\t\t\t><\/iframe>\n\t\t<\/div>\n\t\t\t\t\t\t<\/div>\n\t\t\t\t<\/div>\n\t\t\t\t\t<\/div>\n\t\t<\/div>\n\t\t\t\t\t<\/div>\n\t\t<\/section>\n\t\t\t\t<\/div>\n\t\t","protected":false},"excerpt":{"rendered":"<p>CONTACTO Ponte en contacto con nosotros Te responderemos a la brevedad.. \u00bfTienes alguna duda o pregunta? 800 701 1111 Escr\u00edbenos servicioaclientes@unimex.com.mx vis\u00edtanos en cualquier momento Torre\u00f3n, Coah.<\/p>\n","protected":false},"author":1,"featured_media":0,"parent":0,"menu_order":0,"comment_status":"closed","ping_status":"closed","template":"page-template\/full-width-page-template.php","meta":{"footnotes":""},"class_list":["post-2405","page","type-page","status-publish","hentry"],"yoast_head":"<!-- This site is optimized with the Yoast SEO plugin v24.8.1 - https:\/\/yoast.com\/wordpress\/plugins\/seo\/ -->\n<title>Contacto - Unimex Digital<\/title>\n<meta name=\"description\" content=\"Ponte en contacto con nosotros, te responderemos a la brevedad.\" \/>\n<meta name=\"robots\" content=\"index, follow, max-snippet:-1, max-image-preview:large, max-video-preview:-1\" \/>\n<link rel=\"canonical\" href=\"https:\/\/unimex.com.mx\/finx\/contacto\/\" \/>\n<meta property=\"og:locale\" content=\"es_ES\" \/>\n<meta property=\"og:type\" content=\"article\" \/>\n<meta property=\"og:title\" content=\"Contacto - Unimex Digital\" \/>\n<meta property=\"og:description\" content=\"Ponte en contacto con nosotros, te responderemos a la brevedad.\" \/>\n<meta property=\"og:url\" content=\"https:\/\/unimex.com.mx\/finx\/contacto\/\" \/>\n<meta property=\"og:site_name\" content=\"Unimex Digital\" \/>\n<meta property=\"article:publisher\" content=\"https:\/\/www.facebook.com\/unimex.financiera.creditos\" \/>\n<meta property=\"article:modified_time\" content=\"2024-10-10T22:13:48+00:00\" \/>\n<meta property=\"og:image\" content=\"https:\/\/unimex.com.mx\/finx\/wp-content\/uploads\/2024\/10\/logo-unimex.png\" \/>\n\t<meta property=\"og:image:width\" content=\"615\" \/>\n\t<meta property=\"og:image:height\" content=\"406\" \/>\n\t<meta property=\"og:image:type\" content=\"image\/png\" \/>\n<meta name=\"twitter:card\" content=\"summary_large_image\" \/>\n<meta name=\"twitter:label1\" content=\"Tiempo de lectura\" \/>\n\t<meta name=\"twitter:data1\" content=\"1 minuto\" \/>\n<script type=\"application\/ld+json\" class=\"yoast-schema-graph\">{\"@context\":\"https:\/\/schema.org\",\"@graph\":[{\"@type\":\"WebPage\",\"@id\":\"https:\/\/unimex.com.mx\/finx\/contacto\/\",\"url\":\"https:\/\/unimex.com.mx\/finx\/contacto\/\",\"name\":\"Contacto - Unimex Digital\",\"isPartOf\":{\"@id\":\"https:\/\/unimex.com.mx\/finx\/#website\"},\"datePublished\":\"2022-08-30T14:08:30+00:00\",\"dateModified\":\"2024-10-10T22:13:48+00:00\",\"description\":\"Ponte en contacto con nosotros, te responderemos a la brevedad.\",\"breadcrumb\":{\"@id\":\"https:\/\/unimex.com.mx\/finx\/contacto\/#breadcrumb\"},\"inLanguage\":\"es\",\"potentialAction\":[{\"@type\":\"ReadAction\",\"target\":[\"https:\/\/unimex.com.mx\/finx\/contacto\/\"]}]},{\"@type\":\"BreadcrumbList\",\"@id\":\"https:\/\/unimex.com.mx\/finx\/contacto\/#breadcrumb\",\"itemListElement\":[{\"@type\":\"ListItem\",\"position\":1,\"name\":\"Portada\",\"item\":\"https:\/\/unimex.com.mx\/finx\/\"},{\"@type\":\"ListItem\",\"position\":2,\"name\":\"Contacto\"}]},{\"@type\":\"WebSite\",\"@id\":\"https:\/\/unimex.com.mx\/finx\/#website\",\"url\":\"https:\/\/unimex.com.mx\/finx\/\",\"name\":\"Unimex Digital\",\"description\":\"Pr\u00e9stamos Unimex\",\"publisher\":{\"@id\":\"https:\/\/unimex.com.mx\/finx\/#organization\"},\"potentialAction\":[{\"@type\":\"SearchAction\",\"target\":{\"@type\":\"EntryPoint\",\"urlTemplate\":\"https:\/\/unimex.com.mx\/finx\/?s={search_term_string}\"},\"query-input\":{\"@type\":\"PropertyValueSpecification\",\"valueRequired\":true,\"valueName\":\"search_term_string\"}}],\"inLanguage\":\"es\"},{\"@type\":\"Organization\",\"@id\":\"https:\/\/unimex.com.mx\/finx\/#organization\",\"name\":\"Unimex Digital SA de CV\",\"alternateName\":\"Unimex\",\"url\":\"https:\/\/unimex.com.mx\/finx\/\",\"logo\":{\"@type\":\"ImageObject\",\"inLanguage\":\"es\",\"@id\":\"https:\/\/unimex.com.mx\/finx\/#\/schema\/logo\/image\/\",\"url\":\"https:\/\/unimex.com.mx\/finx\/wp-content\/uploads\/2024\/10\/logo-unimex.png\",\"contentUrl\":\"https:\/\/unimex.com.mx\/finx\/wp-content\/uploads\/2024\/10\/logo-unimex.png\",\"width\":615,\"height\":406,\"caption\":\"Unimex Digital SA de CV\"},\"image\":{\"@id\":\"https:\/\/unimex.com.mx\/finx\/#\/schema\/logo\/image\/\"},\"sameAs\":[\"https:\/\/www.facebook.com\/unimex.financiera.creditos\",\"https:\/\/www.instagram.com\/unimex.financiera_oficial\/\"]}]}<\/script>\n<!-- \/ Yoast SEO plugin. -->","yoast_head_json":{"title":"Contacto - Unimex Digital","description":"Ponte en contacto con nosotros, te responderemos a la brevedad.","robots":{"index":"index","follow":"follow","max-snippet":"max-snippet:-1","max-image-preview":"max-image-preview:large","max-video-preview":"max-video-preview:-1"},"canonical":"https:\/\/unimex.com.mx\/finx\/contacto\/","og_locale":"es_ES","og_type":"article","og_title":"Contacto - Unimex Digital","og_description":"Ponte en contacto con nosotros, te responderemos a la brevedad.","og_url":"https:\/\/unimex.com.mx\/finx\/contacto\/","og_site_name":"Unimex Digital","article_publisher":"https:\/\/www.facebook.com\/unimex.financiera.creditos","article_modified_time":"2024-10-10T22:13:48+00:00","og_image":[{"width":615,"height":406,"url":"https:\/\/unimex.com.mx\/finx\/wp-content\/uploads\/2024\/10\/logo-unimex.png","type":"image\/png"}],"twitter_card":"summary_large_image","twitter_misc":{"Tiempo de lectura":"1 minuto"},"schema":{"@context":"https:\/\/schema.org","@graph":[{"@type":"WebPage","@id":"https:\/\/unimex.com.mx\/finx\/contacto\/","url":"https:\/\/unimex.com.mx\/finx\/contacto\/","name":"Contacto - Unimex Digital","isPartOf":{"@id":"https:\/\/unimex.com.mx\/finx\/#website"},"datePublished":"2022-08-30T14:08:30+00:00","dateModified":"2024-10-10T22:13:48+00:00","description":"Ponte en contacto con nosotros, te responderemos a la brevedad.","breadcrumb":{"@id":"https:\/\/unimex.com.mx\/finx\/contacto\/#breadcrumb"},"inLanguage":"es","potentialAction":[{"@type":"ReadAction","target":["https:\/\/unimex.com.mx\/finx\/contacto\/"]}]},{"@type":"BreadcrumbList","@id":"https:\/\/unimex.com.mx\/finx\/contacto\/#breadcrumb","itemListElement":[{"@type":"ListItem","position":1,"name":"Portada","item":"https:\/\/unimex.com.mx\/finx\/"},{"@type":"ListItem","position":2,"name":"Contacto"}]},{"@type":"WebSite","@id":"https:\/\/unimex.com.mx\/finx\/#website","url":"https:\/\/unimex.com.mx\/finx\/","name":"Unimex Digital","description":"Pr\u00e9stamos Unimex","publisher":{"@id":"https:\/\/unimex.com.mx\/finx\/#organization"},"potentialAction":[{"@type":"SearchAction","target":{"@type":"EntryPoint","urlTemplate":"https:\/\/unimex.com.mx\/finx\/?s={search_term_string}"},"query-input":{"@type":"PropertyValueSpecification","valueRequired":true,"valueName":"search_term_string"}}],"inLanguage":"es"},{"@type":"Organization","@id":"https:\/\/unimex.com.mx\/finx\/#organization","name":"Unimex Digital SA de CV","alternateName":"Unimex","url":"https:\/\/unimex.com.mx\/finx\/","logo":{"@type":"ImageObject","inLanguage":"es","@id":"https:\/\/unimex.com.mx\/finx\/#\/schema\/logo\/image\/","url":"https:\/\/unimex.com.mx\/finx\/wp-content\/uploads\/2024\/10\/logo-unimex.png","contentUrl":"https:\/\/unimex.com.mx\/finx\/wp-content\/uploads\/2024\/10\/logo-unimex.png","width":615,"height":406,"caption":"Unimex Digital SA de CV"},"image":{"@id":"https:\/\/unimex.com.mx\/finx\/#\/schema\/logo\/image\/"},"sameAs":["https:\/\/www.facebook.com\/unimex.financiera.creditos","https:\/\/www.instagram.com\/unimex.financiera_oficial\/"]}]}},"_links":{"self":[{"href":"https:\/\/unimex.com.mx\/finx\/wp-json\/wp\/v2\/pages\/2405","targetHints":{"allow":["GET"]}}],"collection":[{"href":"https:\/\/unimex.com.mx\/finx\/wp-json\/wp\/v2\/pages"}],"about":[{"href":"https:\/\/unimex.com.mx\/finx\/wp-json\/wp\/v2\/types\/page"}],"author":[{"embeddable":true,"href":"https:\/\/unimex.com.mx\/finx\/wp-json\/wp\/v2\/users\/1"}],"replies":[{"embeddable":true,"href":"https:\/\/unimex.com.mx\/finx\/wp-json\/wp\/v2\/comments?post=2405"}],"version-history":[{"count":109,"href":"https:\/\/unimex.com.mx\/finx\/wp-json\/wp\/v2\/pages\/2405\/revisions"}],"predecessor-version":[{"id":8015,"href":"https:\/\/unimex.com.mx\/finx\/wp-json\/wp\/v2\/pages\/2405\/revisions\/8015"}],"wp:attachment":[{"href":"https:\/\/unimex.com.mx\/finx\/wp-json\/wp\/v2\/media?parent=2405"}],"curies":[{"name":"wp","href":"https:\/\/api.w.org\/{rel}","templated":true}]}}